{"id":809,"date":"2025-07-04T08:29:41","date_gmt":"2025-07-04T12:29:41","guid":{"rendered":"https:\/\/clearimpactstrategy.com\/?page_id=809"},"modified":"2025-07-04T08:39:59","modified_gmt":"2025-07-04T12:39:59","slug":"about","status":"publish","type":"page","link":"https:\/\/clearimpactstrategy.com\/es\/about\/","title":{"rendered":"About Us"},"content":{"rendered":"<p>We work with campaigns, elected officials, associations, advocacy groups, and public affairs companies at all levels of government to<strong>\u00a0win elections and\u00a0<u>influence<\/u>\u00a0public opinion<\/strong>. We specialize in two aspects of campaigning: voter contact and field operations.<\/p>\n<p>Ofrecemos una gama completa de servicios de contacto telef\u00f3nico con votantes. Trabajando principalmente con ElectRight, ofrecemos servicios que incluyen llamadas en vivo, llamadas automatizadas, recopilaci\u00f3n de datos a partir de registros telef\u00f3nicos, encuestas e investigaciones y ayuntamientos telef\u00f3nicos.<\/p>\n<p>Nuestra segunda especialidad son las operaciones de campo. Formamos y lideramos equipos que garantizan operaciones de campo de alta calidad, centradas en la identificaci\u00f3n y el seguimiento de votos y el aumento de la participaci\u00f3n electoral. Podemos colaborar con su equipo actual para identificar \u00e1reas que permitan mejorar su eficiencia y eficacia.<\/p>\n<p>Tambi\u00e9n trabajamos con empresas asociadas de alto calibre para brindar servicios de alta calidad relacionados con bases de datos, correo, redes sociales, recaudaci\u00f3n de fondos y sitios web.<\/p>","protected":false},"excerpt":{"rendered":"<p>We work with campaigns, elected officials, associations, advocacy groups, and public affairs companies at all levels of government to\u00a0win elections and\u00a0influence\u00a0public opinion. We specialize in two aspects of campaigning: voter contact and field operations. We provide the full range of phone-based voter contact services. Working primarily with ElectRight we provide services including live calls, automated [&hellip;]<\/p>\n","protected":false},"author":1,"featured_media":0,"parent":0,"menu_order":0,"comment_status":"closed","ping_status":"closed","template":"","meta":{"footnotes":""},"class_list":["post-809","page","type-page","status-publish","hentry"],"yoast_head":"<!-- This site is optimized with the Yoast SEO plugin v27.4 - https:\/\/yoast.com\/product\/yoast-seo-wordpress\/ -->\n<title>About Us - Clear Impact Strategy<\/title>\n<meta name=\"robots\" content=\"index, follow, max-snippet:-1, max-image-preview:large, max-video-preview:-1\" \/>\n<link rel=\"canonical\" href=\"http:\/\/clearimpactstrategy.com\/es\/about\/\" \/>\n<meta property=\"og:locale\" content=\"es_ES\" \/>\n<meta property=\"og:type\" content=\"article\" \/>\n<meta property=\"og:title\" content=\"About Us - Clear Impact Strategy\" \/>\n<meta property=\"og:description\" content=\"We work with campaigns, elected officials, associations, advocacy groups, and public affairs companies at all levels of government to\u00a0win elections and\u00a0influence\u00a0public opinion. We specialize in two aspects of campaigning: voter contact and field operations. We provide the full range of phone-based voter contact services. Working primarily with ElectRight we provide services including live calls, automated [&hellip;]\" \/>\n<meta property=\"og:url\" content=\"http:\/\/clearimpactstrategy.com\/es\/about\/\" \/>\n<meta property=\"og:site_name\" content=\"Clear Impact Strategy\" \/>\n<meta property=\"article:modified_time\" content=\"2025-07-04T12:39:59+00:00\" \/>\n<meta name=\"twitter:card\" content=\"summary_large_image\" \/>\n<meta name=\"twitter:label1\" content=\"Tiempo de lectura\" \/>\n\t<meta name=\"twitter:data1\" content=\"1 minuto\" \/>\n<script type=\"application\/ld+json\" class=\"yoast-schema-graph\">{\"@context\":\"https:\\\/\\\/schema.org\",\"@graph\":[{\"@type\":\"WebPage\",\"@id\":\"http:\\\/\\\/clearimpactstrategy.com\\\/about\\\/\",\"url\":\"http:\\\/\\\/clearimpactstrategy.com\\\/about\\\/\",\"name\":\"About Us - Clear Impact Strategy\",\"isPartOf\":{\"@id\":\"http:\\\/\\\/clearimpactstrategy.com\\\/#website\"},\"datePublished\":\"2025-07-04T12:29:41+00:00\",\"dateModified\":\"2025-07-04T12:39:59+00:00\",\"breadcrumb\":{\"@id\":\"http:\\\/\\\/clearimpactstrategy.com\\\/about\\\/#breadcrumb\"},\"inLanguage\":\"es\",\"potentialAction\":[{\"@type\":\"ReadAction\",\"target\":[\"http:\\\/\\\/clearimpactstrategy.com\\\/about\\\/\"]}]},{\"@type\":\"BreadcrumbList\",\"@id\":\"http:\\\/\\\/clearimpactstrategy.com\\\/about\\\/#breadcrumb\",\"itemListElement\":[{\"@type\":\"ListItem\",\"position\":1,\"name\":\"Home\",\"item\":\"http:\\\/\\\/clearimpactstrategy.com\\\/\"},{\"@type\":\"ListItem\",\"position\":2,\"name\":\"About Us\"}]},{\"@type\":\"WebSite\",\"@id\":\"http:\\\/\\\/clearimpactstrategy.com\\\/#website\",\"url\":\"http:\\\/\\\/clearimpactstrategy.com\\\/\",\"name\":\"Clear Impact Strategy\",\"description\":\"\",\"publisher\":{\"@id\":\"http:\\\/\\\/clearimpactstrategy.com\\\/#organization\"},\"potentialAction\":[{\"@type\":\"SearchAction\",\"target\":{\"@type\":\"EntryPoint\",\"urlTemplate\":\"http:\\\/\\\/clearimpactstrategy.com\\\/?s={search_term_string}\"},\"query-input\":{\"@type\":\"PropertyValueSpecification\",\"valueRequired\":true,\"valueName\":\"search_term_string\"}}],\"inLanguage\":\"es\"},{\"@type\":\"Organization\",\"@id\":\"http:\\\/\\\/clearimpactstrategy.com\\\/#organization\",\"name\":\"Clear Impact Strategy\",\"url\":\"http:\\\/\\\/clearimpactstrategy.com\\\/\",\"logo\":{\"@type\":\"ImageObject\",\"inLanguage\":\"es\",\"@id\":\"http:\\\/\\\/clearimpactstrategy.com\\\/#\\\/schema\\\/logo\\\/image\\\/\",\"url\":\"\",\"contentUrl\":\"\",\"caption\":\"Clear Impact Strategy\"},\"image\":{\"@id\":\"http:\\\/\\\/clearimpactstrategy.com\\\/#\\\/schema\\\/logo\\\/image\\\/\"}}]}<\/script>\n<!-- \/ Yoast SEO plugin. -->","yoast_head_json":{"title":"About Us - Clear Impact Strategy","robots":{"index":"index","follow":"follow","max-snippet":"max-snippet:-1","max-image-preview":"max-image-preview:large","max-video-preview":"max-video-preview:-1"},"canonical":"http:\/\/clearimpactstrategy.com\/es\/about\/","og_locale":"es_ES","og_type":"article","og_title":"About Us - Clear Impact Strategy","og_description":"We work with campaigns, elected officials, associations, advocacy groups, and public affairs companies at all levels of government to\u00a0win elections and\u00a0influence\u00a0public opinion. We specialize in two aspects of campaigning: voter contact and field operations. We provide the full range of phone-based voter contact services. Working primarily with ElectRight we provide services including live calls, automated [&hellip;]","og_url":"http:\/\/clearimpactstrategy.com\/es\/about\/","og_site_name":"Clear Impact Strategy","article_modified_time":"2025-07-04T12:39:59+00:00","twitter_card":"summary_large_image","twitter_misc":{"Tiempo de lectura":"1 minuto"},"schema":{"@context":"https:\/\/schema.org","@graph":[{"@type":"WebPage","@id":"http:\/\/clearimpactstrategy.com\/about\/","url":"http:\/\/clearimpactstrategy.com\/about\/","name":"About Us - Clear Impact Strategy","isPartOf":{"@id":"http:\/\/clearimpactstrategy.com\/#website"},"datePublished":"2025-07-04T12:29:41+00:00","dateModified":"2025-07-04T12:39:59+00:00","breadcrumb":{"@id":"http:\/\/clearimpactstrategy.com\/about\/#breadcrumb"},"inLanguage":"es","potentialAction":[{"@type":"ReadAction","target":["http:\/\/clearimpactstrategy.com\/about\/"]}]},{"@type":"BreadcrumbList","@id":"http:\/\/clearimpactstrategy.com\/about\/#breadcrumb","itemListElement":[{"@type":"ListItem","position":1,"name":"Home","item":"http:\/\/clearimpactstrategy.com\/"},{"@type":"ListItem","position":2,"name":"About Us"}]},{"@type":"WebSite","@id":"http:\/\/clearimpactstrategy.com\/#website","url":"http:\/\/clearimpactstrategy.com\/","name":"Clear Impact Strategy","description":"","publisher":{"@id":"http:\/\/clearimpactstrategy.com\/#organization"},"potentialAction":[{"@type":"SearchAction","target":{"@type":"EntryPoint","urlTemplate":"http:\/\/clearimpactstrategy.com\/?s={search_term_string}"},"query-input":{"@type":"PropertyValueSpecification","valueRequired":true,"valueName":"search_term_string"}}],"inLanguage":"es"},{"@type":"Organization","@id":"http:\/\/clearimpactstrategy.com\/#organization","name":"Clear Impact Strategy","url":"http:\/\/clearimpactstrategy.com\/","logo":{"@type":"ImageObject","inLanguage":"es","@id":"http:\/\/clearimpactstrategy.com\/#\/schema\/logo\/image\/","url":"","contentUrl":"","caption":"Clear Impact Strategy"},"image":{"@id":"http:\/\/clearimpactstrategy.com\/#\/schema\/logo\/image\/"}}]}},"_links":{"self":[{"href":"https:\/\/clearimpactstrategy.com\/es\/wp-json\/wp\/v2\/pages\/809","targetHints":{"allow":["GET"]}}],"collection":[{"href":"https:\/\/clearimpactstrategy.com\/es\/wp-json\/wp\/v2\/pages"}],"about":[{"href":"https:\/\/clearimpactstrategy.com\/es\/wp-json\/wp\/v2\/types\/page"}],"author":[{"embeddable":true,"href":"https:\/\/clearimpactstrategy.com\/es\/wp-json\/wp\/v2\/users\/1"}],"replies":[{"embeddable":true,"href":"https:\/\/clearimpactstrategy.com\/es\/wp-json\/wp\/v2\/comments?post=809"}],"version-history":[{"count":1,"href":"https:\/\/clearimpactstrategy.com\/es\/wp-json\/wp\/v2\/pages\/809\/revisions"}],"predecessor-version":[{"id":810,"href":"https:\/\/clearimpactstrategy.com\/es\/wp-json\/wp\/v2\/pages\/809\/revisions\/810"}],"wp:attachment":[{"href":"https:\/\/clearimpactstrategy.com\/es\/wp-json\/wp\/v2\/media?parent=809"}],"curies":[{"name":"wp","href":"https:\/\/api.w.org\/{rel}","templated":true}]}}