{"id":776,"date":"2025-07-04T08:09:42","date_gmt":"2025-07-04T12:09:42","guid":{"rendered":"https:\/\/clearimpactstrategy.com\/?page_id=776"},"modified":"2025-07-09T15:55:37","modified_gmt":"2025-07-09T19:55:37","slug":"research","status":"publish","type":"page","link":"https:\/\/clearimpactstrategy.com\/es\/services\/research\/","title":{"rendered":"Investigaci\u00f3n y Encuestas"},"content":{"rendered":"<p>Debe saber qu\u00e9 piensan sus votantes, y saberlo ahora. Clear Impact Strategy realiza encuestas mediante entrevistas telef\u00f3nicas o panel en l\u00ednea. Tenemos acceso a una amplia lista exclusiva de tel\u00e9fonos celulares canadienses, adaptada a su ubicaci\u00f3n geogr\u00e1fica, lo que nos permite realizar encuestas confiables incluso en \u00e1reas geogr\u00e1ficas peque\u00f1as, como un distrito municipal. Fuera de Canad\u00e1, podemos realizar encuestas utilizando la tecnolog\u00eda de panel en l\u00ednea.<\/p>","protected":false},"excerpt":{"rendered":"<p>You need to know what your voters are thinking, and you need to know now. Clear Impact Strategy conducts polling by IVR or online panel. We have access to a large proprietary list of Canadian cellphones matched to geography, which means we can conduct reliable polling even in small geographical areas, like a town or [&hellip;]<\/p>\n","protected":false},"author":1,"featured_media":1019,"parent":760,"menu_order":0,"comment_status":"closed","ping_status":"closed","template":"","meta":{"footnotes":""},"class_list":["post-776","page","type-page","status-publish","has-post-thumbnail","hentry"],"yoast_head":"<!-- This site is optimized with the Yoast SEO plugin v27.4 - https:\/\/yoast.com\/product\/yoast-seo-wordpress\/ -->\n<title>Research - Clear Impact Strategy<\/title>\n<meta name=\"robots\" content=\"index, follow, max-snippet:-1, max-image-preview:large, max-video-preview:-1\" \/>\n<link rel=\"canonical\" href=\"https:\/\/clearimpactstrategy.com\/es\/services\/research\/\" \/>\n<meta property=\"og:locale\" content=\"es_ES\" \/>\n<meta property=\"og:type\" content=\"article\" \/>\n<meta property=\"og:title\" content=\"Research - Clear Impact Strategy\" \/>\n<meta property=\"og:description\" content=\"You need to know what your voters are thinking, and you need to know now. Clear Impact Strategy conducts polling by IVR or online panel. We have access to a large proprietary list of Canadian cellphones matched to geography, which means we can conduct reliable polling even in small geographical areas, like a town or [&hellip;]\" \/>\n<meta property=\"og:url\" content=\"https:\/\/clearimpactstrategy.com\/es\/services\/research\/\" \/>\n<meta property=\"og:site_name\" content=\"Clear Impact Strategy\" \/>\n<meta property=\"article:modified_time\" content=\"2025-07-09T19:55:37+00:00\" \/>\n<meta property=\"og:image\" content=\"https:\/\/clearimpactstrategy.com\/wp-content\/uploads\/2025\/07\/scott-graham-5fNmWej4tAA-unsplash.jpg\" \/>\n\t<meta property=\"og:image:width\" content=\"1920\" \/>\n\t<meta property=\"og:image:height\" content=\"1281\" \/>\n\t<meta property=\"og:image:type\" content=\"image\/jpeg\" \/>\n<meta name=\"twitter:card\" content=\"summary_large_image\" \/>\n<meta name=\"twitter:label1\" content=\"Tiempo de lectura\" \/>\n\t<meta name=\"twitter:data1\" content=\"1 minuto\" \/>\n<script type=\"application\/ld+json\" class=\"yoast-schema-graph\">{\"@context\":\"https:\\\/\\\/schema.org\",\"@graph\":[{\"@type\":\"WebPage\",\"@id\":\"https:\\\/\\\/clearimpactstrategy.com\\\/es\\\/services\\\/research\\\/\",\"url\":\"https:\\\/\\\/clearimpactstrategy.com\\\/es\\\/services\\\/research\\\/\",\"name\":\"Research - Clear Impact Strategy\",\"isPartOf\":{\"@id\":\"http:\\\/\\\/clearimpactstrategy.com\\\/#website\"},\"primaryImageOfPage\":{\"@id\":\"https:\\\/\\\/clearimpactstrategy.com\\\/es\\\/services\\\/research\\\/#primaryimage\"},\"image\":{\"@id\":\"https:\\\/\\\/clearimpactstrategy.com\\\/es\\\/services\\\/research\\\/#primaryimage\"},\"thumbnailUrl\":\"https:\\\/\\\/clearimpactstrategy.com\\\/wp-content\\\/uploads\\\/2025\\\/07\\\/scott-graham-5fNmWej4tAA-unsplash.jpg\",\"datePublished\":\"2025-07-04T12:09:42+00:00\",\"dateModified\":\"2025-07-09T19:55:37+00:00\",\"breadcrumb\":{\"@id\":\"https:\\\/\\\/clearimpactstrategy.com\\\/es\\\/services\\\/research\\\/#breadcrumb\"},\"inLanguage\":\"es\",\"potentialAction\":[{\"@type\":\"ReadAction\",\"target\":[\"https:\\\/\\\/clearimpactstrategy.com\\\/es\\\/services\\\/research\\\/\"]}]},{\"@type\":\"ImageObject\",\"inLanguage\":\"es\",\"@id\":\"https:\\\/\\\/clearimpactstrategy.com\\\/es\\\/services\\\/research\\\/#primaryimage\",\"url\":\"https:\\\/\\\/clearimpactstrategy.com\\\/wp-content\\\/uploads\\\/2025\\\/07\\\/scott-graham-5fNmWej4tAA-unsplash.jpg\",\"contentUrl\":\"https:\\\/\\\/clearimpactstrategy.com\\\/wp-content\\\/uploads\\\/2025\\\/07\\\/scott-graham-5fNmWej4tAA-unsplash.jpg\",\"width\":1920,\"height\":1281},{\"@type\":\"BreadcrumbList\",\"@id\":\"https:\\\/\\\/clearimpactstrategy.com\\\/es\\\/services\\\/research\\\/#breadcrumb\",\"itemListElement\":[{\"@type\":\"ListItem\",\"position\":1,\"name\":\"Home\",\"item\":\"http:\\\/\\\/clearimpactstrategy.com\\\/\"},{\"@type\":\"ListItem\",\"position\":2,\"name\":\"Services\",\"item\":\"https:\\\/\\\/clearimpactstrategy.com\\\/services\\\/\"},{\"@type\":\"ListItem\",\"position\":3,\"name\":\"Research\"}]},{\"@type\":\"WebSite\",\"@id\":\"http:\\\/\\\/clearimpactstrategy.com\\\/#website\",\"url\":\"http:\\\/\\\/clearimpactstrategy.com\\\/\",\"name\":\"Clear Impact Strategy\",\"description\":\"\",\"publisher\":{\"@id\":\"http:\\\/\\\/clearimpactstrategy.com\\\/#organization\"},\"potentialAction\":[{\"@type\":\"SearchAction\",\"target\":{\"@type\":\"EntryPoint\",\"urlTemplate\":\"http:\\\/\\\/clearimpactstrategy.com\\\/?s={search_term_string}\"},\"query-input\":{\"@type\":\"PropertyValueSpecification\",\"valueRequired\":true,\"valueName\":\"search_term_string\"}}],\"inLanguage\":\"es\"},{\"@type\":\"Organization\",\"@id\":\"http:\\\/\\\/clearimpactstrategy.com\\\/#organization\",\"name\":\"Clear Impact Strategy\",\"url\":\"http:\\\/\\\/clearimpactstrategy.com\\\/\",\"logo\":{\"@type\":\"ImageObject\",\"inLanguage\":\"es\",\"@id\":\"http:\\\/\\\/clearimpactstrategy.com\\\/#\\\/schema\\\/logo\\\/image\\\/\",\"url\":\"\",\"contentUrl\":\"\",\"caption\":\"Clear Impact Strategy\"},\"image\":{\"@id\":\"http:\\\/\\\/clearimpactstrategy.com\\\/#\\\/schema\\\/logo\\\/image\\\/\"}}]}<\/script>\n<!-- \/ Yoast SEO plugin. -->","yoast_head_json":{"title":"Research - Clear Impact Strategy","robots":{"index":"index","follow":"follow","max-snippet":"max-snippet:-1","max-image-preview":"max-image-preview:large","max-video-preview":"max-video-preview:-1"},"canonical":"https:\/\/clearimpactstrategy.com\/es\/services\/research\/","og_locale":"es_ES","og_type":"article","og_title":"Research - Clear Impact Strategy","og_description":"You need to know what your voters are thinking, and you need to know now. Clear Impact Strategy conducts polling by IVR or online panel. We have access to a large proprietary list of Canadian cellphones matched to geography, which means we can conduct reliable polling even in small geographical areas, like a town or [&hellip;]","og_url":"https:\/\/clearimpactstrategy.com\/es\/services\/research\/","og_site_name":"Clear Impact Strategy","article_modified_time":"2025-07-09T19:55:37+00:00","og_image":[{"width":1920,"height":1281,"url":"https:\/\/clearimpactstrategy.com\/wp-content\/uploads\/2025\/07\/scott-graham-5fNmWej4tAA-unsplash.jpg","type":"image\/jpeg"}],"twitter_card":"summary_large_image","twitter_misc":{"Tiempo de lectura":"1 minuto"},"schema":{"@context":"https:\/\/schema.org","@graph":[{"@type":"WebPage","@id":"https:\/\/clearimpactstrategy.com\/es\/services\/research\/","url":"https:\/\/clearimpactstrategy.com\/es\/services\/research\/","name":"Research - Clear Impact Strategy","isPartOf":{"@id":"http:\/\/clearimpactstrategy.com\/#website"},"primaryImageOfPage":{"@id":"https:\/\/clearimpactstrategy.com\/es\/services\/research\/#primaryimage"},"image":{"@id":"https:\/\/clearimpactstrategy.com\/es\/services\/research\/#primaryimage"},"thumbnailUrl":"https:\/\/clearimpactstrategy.com\/wp-content\/uploads\/2025\/07\/scott-graham-5fNmWej4tAA-unsplash.jpg","datePublished":"2025-07-04T12:09:42+00:00","dateModified":"2025-07-09T19:55:37+00:00","breadcrumb":{"@id":"https:\/\/clearimpactstrategy.com\/es\/services\/research\/#breadcrumb"},"inLanguage":"es","potentialAction":[{"@type":"ReadAction","target":["https:\/\/clearimpactstrategy.com\/es\/services\/research\/"]}]},{"@type":"ImageObject","inLanguage":"es","@id":"https:\/\/clearimpactstrategy.com\/es\/services\/research\/#primaryimage","url":"https:\/\/clearimpactstrategy.com\/wp-content\/uploads\/2025\/07\/scott-graham-5fNmWej4tAA-unsplash.jpg","contentUrl":"https:\/\/clearimpactstrategy.com\/wp-content\/uploads\/2025\/07\/scott-graham-5fNmWej4tAA-unsplash.jpg","width":1920,"height":1281},{"@type":"BreadcrumbList","@id":"https:\/\/clearimpactstrategy.com\/es\/services\/research\/#breadcrumb","itemListElement":[{"@type":"ListItem","position":1,"name":"Home","item":"http:\/\/clearimpactstrategy.com\/"},{"@type":"ListItem","position":2,"name":"Services","item":"https:\/\/clearimpactstrategy.com\/services\/"},{"@type":"ListItem","position":3,"name":"Research"}]},{"@type":"WebSite","@id":"http:\/\/clearimpactstrategy.com\/#website","url":"http:\/\/clearimpactstrategy.com\/","name":"Clear Impact Strategy","description":"","publisher":{"@id":"http:\/\/clearimpactstrategy.com\/#organization"},"potentialAction":[{"@type":"SearchAction","target":{"@type":"EntryPoint","urlTemplate":"http:\/\/clearimpactstrategy.com\/?s={search_term_string}"},"query-input":{"@type":"PropertyValueSpecification","valueRequired":true,"valueName":"search_term_string"}}],"inLanguage":"es"},{"@type":"Organization","@id":"http:\/\/clearimpactstrategy.com\/#organization","name":"Clear Impact Strategy","url":"http:\/\/clearimpactstrategy.com\/","logo":{"@type":"ImageObject","inLanguage":"es","@id":"http:\/\/clearimpactstrategy.com\/#\/schema\/logo\/image\/","url":"","contentUrl":"","caption":"Clear Impact Strategy"},"image":{"@id":"http:\/\/clearimpactstrategy.com\/#\/schema\/logo\/image\/"}}]}},"_links":{"self":[{"href":"https:\/\/clearimpactstrategy.com\/es\/wp-json\/wp\/v2\/pages\/776","targetHints":{"allow":["GET"]}}],"collection":[{"href":"https:\/\/clearimpactstrategy.com\/es\/wp-json\/wp\/v2\/pages"}],"about":[{"href":"https:\/\/clearimpactstrategy.com\/es\/wp-json\/wp\/v2\/types\/page"}],"author":[{"embeddable":true,"href":"https:\/\/clearimpactstrategy.com\/es\/wp-json\/wp\/v2\/users\/1"}],"replies":[{"embeddable":true,"href":"https:\/\/clearimpactstrategy.com\/es\/wp-json\/wp\/v2\/comments?post=776"}],"version-history":[{"count":2,"href":"https:\/\/clearimpactstrategy.com\/es\/wp-json\/wp\/v2\/pages\/776\/revisions"}],"predecessor-version":[{"id":778,"href":"https:\/\/clearimpactstrategy.com\/es\/wp-json\/wp\/v2\/pages\/776\/revisions\/778"}],"up":[{"embeddable":true,"href":"https:\/\/clearimpactstrategy.com\/es\/wp-json\/wp\/v2\/pages\/760"}],"wp:featuredmedia":[{"embeddable":true,"href":"https:\/\/clearimpactstrategy.com\/es\/wp-json\/wp\/v2\/media\/1019"}],"wp:attachment":[{"href":"https:\/\/clearimpactstrategy.com\/es\/wp-json\/wp\/v2\/media?parent=776"}],"curies":[{"name":"wp","href":"https:\/\/api.w.org\/{rel}","templated":true}]}}