{"id":774,"date":"2025-07-04T08:09:29","date_gmt":"2025-07-04T12:09:29","guid":{"rendered":"https:\/\/clearimpactstrategy.com\/?page_id=774"},"modified":"2025-07-09T16:19:29","modified_gmt":"2025-07-09T20:19:29","slug":"database-solutions","status":"publish","type":"page","link":"https:\/\/clearimpactstrategy.com\/es\/services\/database-solutions\/","title":{"rendered":"Soluciones de sistemas de base de datos"},"content":{"rendered":"<p>Clear Impact Strategy colabora con QOMON, un sistema vers\u00e1til de bases de datos pol\u00edticas y de asuntos p\u00fablicos para campa\u00f1as pol\u00edticas, grupos de inter\u00e9s y oficinas de funcionarios elegidos. Podemos configurar el paquete QOMON que mejor se adapte a su presupuesto y necesidades. Tambi\u00e9n ofrecemos servicios de soporte de datos, como codificaci\u00f3n \u00e9tnica y depuraci\u00f3n de datos.<\/p>","protected":false},"excerpt":{"rendered":"<p>Clear Impact Strategy colabora con QOMON, un sistema vers\u00e1til de bases de datos pol\u00edticas y de asuntos p\u00fablicos para campa\u00f1as pol\u00edticas, grupos de inter\u00e9s y oficinas de funcionarios elegidos. Podemos configurar el paquete QOMON que mejor se adapte a su presupuesto y necesidades. Tambi\u00e9n ofrecemos servicios de soporte de datos, como codificaci\u00f3n \u00e9tnica y depuraci\u00f3n de datos.<\/p>","protected":false},"author":1,"featured_media":1022,"parent":760,"menu_order":0,"comment_status":"closed","ping_status":"closed","template":"","meta":{"footnotes":""},"class_list":["post-774","page","type-page","status-publish","has-post-thumbnail","hentry"],"yoast_head":"<!-- This site is optimized with the Yoast SEO plugin v27.4 - https:\/\/yoast.com\/product\/yoast-seo-wordpress\/ -->\n<title>Database Solutions - Clear Impact Strategy<\/title>\n<meta name=\"robots\" content=\"index, follow, max-snippet:-1, max-image-preview:large, max-video-preview:-1\" \/>\n<link rel=\"canonical\" href=\"http:\/\/clearimpactstrategy.com\/es\/services\/database-solutions\/\" \/>\n<meta property=\"og:locale\" content=\"es_ES\" \/>\n<meta property=\"og:type\" content=\"article\" \/>\n<meta property=\"og:title\" content=\"Database Solutions - Clear Impact Strategy\" \/>\n<meta property=\"og:description\" content=\"Clear Impact Strategy works with QOMON, a versatile political and public affairs database system for political campaigns, advocacy groups, and constituency offices. We can set you up on the QOMON package that suits your budget and needs. We also provide data support services such as ethnic coding and data cleaning.\" \/>\n<meta property=\"og:url\" content=\"http:\/\/clearimpactstrategy.com\/es\/services\/database-solutions\/\" \/>\n<meta property=\"og:site_name\" content=\"Clear Impact Strategy\" \/>\n<meta property=\"article:modified_time\" content=\"2025-07-09T20:19:29+00:00\" \/>\n<meta property=\"og:image\" content=\"http:\/\/clearimpactstrategy.com\/wp-content\/uploads\/2025\/07\/Ecran-des-fonctionnalites-1536x850-2.png\" \/>\n\t<meta property=\"og:image:width\" content=\"800\" \/>\n\t<meta property=\"og:image:height\" content=\"443\" \/>\n\t<meta property=\"og:image:type\" content=\"image\/png\" \/>\n<meta name=\"twitter:card\" content=\"summary_large_image\" \/>\n<meta name=\"twitter:label1\" content=\"Tiempo de lectura\" \/>\n\t<meta name=\"twitter:data1\" content=\"1 minuto\" \/>\n<script type=\"application\/ld+json\" class=\"yoast-schema-graph\">{\"@context\":\"https:\\\/\\\/schema.org\",\"@graph\":[{\"@type\":\"WebPage\",\"@id\":\"http:\\\/\\\/clearimpactstrategy.com\\\/services\\\/database-solutions\\\/\",\"url\":\"http:\\\/\\\/clearimpactstrategy.com\\\/services\\\/database-solutions\\\/\",\"name\":\"Database Solutions - Clear Impact Strategy\",\"isPartOf\":{\"@id\":\"http:\\\/\\\/clearimpactstrategy.com\\\/#website\"},\"primaryImageOfPage\":{\"@id\":\"http:\\\/\\\/clearimpactstrategy.com\\\/services\\\/database-solutions\\\/#primaryimage\"},\"image\":{\"@id\":\"http:\\\/\\\/clearimpactstrategy.com\\\/services\\\/database-solutions\\\/#primaryimage\"},\"thumbnailUrl\":\"https:\\\/\\\/clearimpactstrategy.com\\\/wp-content\\\/uploads\\\/2025\\\/07\\\/Ecran-des-fonctionnalites-1536x850-2.png\",\"datePublished\":\"2025-07-04T12:09:29+00:00\",\"dateModified\":\"2025-07-09T20:19:29+00:00\",\"breadcrumb\":{\"@id\":\"http:\\\/\\\/clearimpactstrategy.com\\\/services\\\/database-solutions\\\/#breadcrumb\"},\"inLanguage\":\"es\",\"potentialAction\":[{\"@type\":\"ReadAction\",\"target\":[\"http:\\\/\\\/clearimpactstrategy.com\\\/services\\\/database-solutions\\\/\"]}]},{\"@type\":\"ImageObject\",\"inLanguage\":\"es\",\"@id\":\"http:\\\/\\\/clearimpactstrategy.com\\\/services\\\/database-solutions\\\/#primaryimage\",\"url\":\"https:\\\/\\\/clearimpactstrategy.com\\\/wp-content\\\/uploads\\\/2025\\\/07\\\/Ecran-des-fonctionnalites-1536x850-2.png\",\"contentUrl\":\"https:\\\/\\\/clearimpactstrategy.com\\\/wp-content\\\/uploads\\\/2025\\\/07\\\/Ecran-des-fonctionnalites-1536x850-2.png\",\"width\":800,\"height\":443},{\"@type\":\"BreadcrumbList\",\"@id\":\"http:\\\/\\\/clearimpactstrategy.com\\\/services\\\/database-solutions\\\/#breadcrumb\",\"itemListElement\":[{\"@type\":\"ListItem\",\"position\":1,\"name\":\"Home\",\"item\":\"http:\\\/\\\/clearimpactstrategy.com\\\/\"},{\"@type\":\"ListItem\",\"position\":2,\"name\":\"Services\",\"item\":\"https:\\\/\\\/clearimpactstrategy.com\\\/services\\\/\"},{\"@type\":\"ListItem\",\"position\":3,\"name\":\"Database Solutions\"}]},{\"@type\":\"WebSite\",\"@id\":\"http:\\\/\\\/clearimpactstrategy.com\\\/#website\",\"url\":\"http:\\\/\\\/clearimpactstrategy.com\\\/\",\"name\":\"Clear Impact Strategy\",\"description\":\"\",\"publisher\":{\"@id\":\"http:\\\/\\\/clearimpactstrategy.com\\\/#organization\"},\"potentialAction\":[{\"@type\":\"SearchAction\",\"target\":{\"@type\":\"EntryPoint\",\"urlTemplate\":\"http:\\\/\\\/clearimpactstrategy.com\\\/?s={search_term_string}\"},\"query-input\":{\"@type\":\"PropertyValueSpecification\",\"valueRequired\":true,\"valueName\":\"search_term_string\"}}],\"inLanguage\":\"es\"},{\"@type\":\"Organization\",\"@id\":\"http:\\\/\\\/clearimpactstrategy.com\\\/#organization\",\"name\":\"Clear Impact Strategy\",\"url\":\"http:\\\/\\\/clearimpactstrategy.com\\\/\",\"logo\":{\"@type\":\"ImageObject\",\"inLanguage\":\"es\",\"@id\":\"http:\\\/\\\/clearimpactstrategy.com\\\/#\\\/schema\\\/logo\\\/image\\\/\",\"url\":\"\",\"contentUrl\":\"\",\"caption\":\"Clear Impact Strategy\"},\"image\":{\"@id\":\"http:\\\/\\\/clearimpactstrategy.com\\\/#\\\/schema\\\/logo\\\/image\\\/\"}}]}<\/script>\n<!-- \/ Yoast SEO plugin. -->","yoast_head_json":{"title":"Database Solutions - Clear Impact Strategy","robots":{"index":"index","follow":"follow","max-snippet":"max-snippet:-1","max-image-preview":"max-image-preview:large","max-video-preview":"max-video-preview:-1"},"canonical":"http:\/\/clearimpactstrategy.com\/es\/services\/database-solutions\/","og_locale":"es_ES","og_type":"article","og_title":"Database Solutions - Clear Impact Strategy","og_description":"Clear Impact Strategy works with QOMON, a versatile political and public affairs database system for political campaigns, advocacy groups, and constituency offices. We can set you up on the QOMON package that suits your budget and needs. We also provide data support services such as ethnic coding and data cleaning.","og_url":"http:\/\/clearimpactstrategy.com\/es\/services\/database-solutions\/","og_site_name":"Clear Impact Strategy","article_modified_time":"2025-07-09T20:19:29+00:00","og_image":[{"width":800,"height":443,"url":"http:\/\/clearimpactstrategy.com\/wp-content\/uploads\/2025\/07\/Ecran-des-fonctionnalites-1536x850-2.png","type":"image\/png"}],"twitter_card":"summary_large_image","twitter_misc":{"Tiempo de lectura":"1 minuto"},"schema":{"@context":"https:\/\/schema.org","@graph":[{"@type":"WebPage","@id":"http:\/\/clearimpactstrategy.com\/services\/database-solutions\/","url":"http:\/\/clearimpactstrategy.com\/services\/database-solutions\/","name":"Database Solutions - Clear Impact Strategy","isPartOf":{"@id":"http:\/\/clearimpactstrategy.com\/#website"},"primaryImageOfPage":{"@id":"http:\/\/clearimpactstrategy.com\/services\/database-solutions\/#primaryimage"},"image":{"@id":"http:\/\/clearimpactstrategy.com\/services\/database-solutions\/#primaryimage"},"thumbnailUrl":"https:\/\/clearimpactstrategy.com\/wp-content\/uploads\/2025\/07\/Ecran-des-fonctionnalites-1536x850-2.png","datePublished":"2025-07-04T12:09:29+00:00","dateModified":"2025-07-09T20:19:29+00:00","breadcrumb":{"@id":"http:\/\/clearimpactstrategy.com\/services\/database-solutions\/#breadcrumb"},"inLanguage":"es","potentialAction":[{"@type":"ReadAction","target":["http:\/\/clearimpactstrategy.com\/services\/database-solutions\/"]}]},{"@type":"ImageObject","inLanguage":"es","@id":"http:\/\/clearimpactstrategy.com\/services\/database-solutions\/#primaryimage","url":"https:\/\/clearimpactstrategy.com\/wp-content\/uploads\/2025\/07\/Ecran-des-fonctionnalites-1536x850-2.png","contentUrl":"https:\/\/clearimpactstrategy.com\/wp-content\/uploads\/2025\/07\/Ecran-des-fonctionnalites-1536x850-2.png","width":800,"height":443},{"@type":"BreadcrumbList","@id":"http:\/\/clearimpactstrategy.com\/services\/database-solutions\/#breadcrumb","itemListElement":[{"@type":"ListItem","position":1,"name":"Home","item":"http:\/\/clearimpactstrategy.com\/"},{"@type":"ListItem","position":2,"name":"Services","item":"https:\/\/clearimpactstrategy.com\/services\/"},{"@type":"ListItem","position":3,"name":"Database Solutions"}]},{"@type":"WebSite","@id":"http:\/\/clearimpactstrategy.com\/#website","url":"http:\/\/clearimpactstrategy.com\/","name":"Clear Impact Strategy","description":"","publisher":{"@id":"http:\/\/clearimpactstrategy.com\/#organization"},"potentialAction":[{"@type":"SearchAction","target":{"@type":"EntryPoint","urlTemplate":"http:\/\/clearimpactstrategy.com\/?s={search_term_string}"},"query-input":{"@type":"PropertyValueSpecification","valueRequired":true,"valueName":"search_term_string"}}],"inLanguage":"es"},{"@type":"Organization","@id":"http:\/\/clearimpactstrategy.com\/#organization","name":"Clear Impact Strategy","url":"http:\/\/clearimpactstrategy.com\/","logo":{"@type":"ImageObject","inLanguage":"es","@id":"http:\/\/clearimpactstrategy.com\/#\/schema\/logo\/image\/","url":"","contentUrl":"","caption":"Clear Impact Strategy"},"image":{"@id":"http:\/\/clearimpactstrategy.com\/#\/schema\/logo\/image\/"}}]}},"_links":{"self":[{"href":"https:\/\/clearimpactstrategy.com\/es\/wp-json\/wp\/v2\/pages\/774","targetHints":{"allow":["GET"]}}],"collection":[{"href":"https:\/\/clearimpactstrategy.com\/es\/wp-json\/wp\/v2\/pages"}],"about":[{"href":"https:\/\/clearimpactstrategy.com\/es\/wp-json\/wp\/v2\/types\/page"}],"author":[{"embeddable":true,"href":"https:\/\/clearimpactstrategy.com\/es\/wp-json\/wp\/v2\/users\/1"}],"replies":[{"embeddable":true,"href":"https:\/\/clearimpactstrategy.com\/es\/wp-json\/wp\/v2\/comments?post=774"}],"version-history":[{"count":3,"href":"https:\/\/clearimpactstrategy.com\/es\/wp-json\/wp\/v2\/pages\/774\/revisions"}],"predecessor-version":[{"id":1207,"href":"https:\/\/clearimpactstrategy.com\/es\/wp-json\/wp\/v2\/pages\/774\/revisions\/1207"}],"up":[{"embeddable":true,"href":"https:\/\/clearimpactstrategy.com\/es\/wp-json\/wp\/v2\/pages\/760"}],"wp:featuredmedia":[{"embeddable":true,"href":"https:\/\/clearimpactstrategy.com\/es\/wp-json\/wp\/v2\/media\/1022"}],"wp:attachment":[{"href":"https:\/\/clearimpactstrategy.com\/es\/wp-json\/wp\/v2\/media?parent=774"}],"curies":[{"name":"wp","href":"https:\/\/api.w.org\/{rel}","templated":true}]}}