{"id":772,"date":"2025-07-04T08:09:16","date_gmt":"2025-07-04T12:09:16","guid":{"rendered":"https:\/\/clearimpactstrategy.com\/?page_id=772"},"modified":"2025-11-04T00:42:04","modified_gmt":"2025-11-04T05:42:04","slug":"internal-party-elections","status":"publish","type":"page","link":"https:\/\/clearimpactstrategy.com\/es\/services\/internal-party-elections\/","title":{"rendered":"Elecciones Internas dentro de Partidos"},"content":{"rendered":"<div data-elementor-type=\"wp-page\" data-elementor-id=\"772\" class=\"elementor elementor-772\" data-elementor-post-type=\"page\">\n\t\t\t\t<div class=\"elementor-element elementor-element-38ad76ec e-flex e-con-boxed e-con e-parent\" data-id=\"38ad76ec\" data-element_type=\"container\" data-e-type=\"container\">\n\t\t\t\t\t<div class=\"e-con-inner\">\n\t\t\t\t<div class=\"elementor-element elementor-element-a91e291 elementor-widget elementor-widget-text-editor\" data-id=\"a91e291\" data-element_type=\"widget\" data-e-type=\"widget\" data-widget_type=\"text-editor.default\">\n\t\t\t\t<div class=\"elementor-widget-container\">\n\t\t\t\t\t\t\t\t\t<p>Jim es uno de los principales expertos en elecciones internas de partidos en Canad\u00e1. Ha trabajado en campa\u00f1as de liderazgo nacional en Canad\u00e1 y el Reino Unido, as\u00ed como en varias provincias canadienses, que incluye su cargo como director nacional de operaciones de campo para la exitosa campa\u00f1a de liderazgo nacional de Erin O'Toole de 2020 en el partido conservador canadiense. Clear Impact Strategy ofrece asesoramiento experto sobre c\u00f3mo estructurar una elecci\u00f3n interna de partido para atraer y movilizar a los votantes necesarios.<\/p>\t\t\t\t\t\t\t\t<\/div>\n\t\t\t\t<\/div>\n\t\t\t\t\t<\/div>\n\t\t\t\t<\/div>\n\t\t\t\t<\/div>","protected":false},"excerpt":{"rendered":"<p>Jim is one of the foremost experts on internal party elections in Canada. Jim has worked on national leadership campaigns in Canada and the UK and in multiple Canadian provinces, including serving as National Chair of Field Operations for the successful 2020 Erin O\u2019Toole national leadership campaign. Clear Impact Strategy provides expert advice on how [&hellip;]<\/p>\n","protected":false},"author":1,"featured_media":1020,"parent":760,"menu_order":0,"comment_status":"closed","ping_status":"closed","template":"","meta":{"footnotes":""},"class_list":["post-772","page","type-page","status-publish","has-post-thumbnail","hentry"],"yoast_head":"<!-- This site is optimized with the Yoast SEO plugin v27.4 - https:\/\/yoast.com\/product\/yoast-seo-wordpress\/ -->\n<title>Internal Party Elections - Clear Impact Strategy<\/title>\n<meta name=\"robots\" content=\"index, follow, max-snippet:-1, max-image-preview:large, max-video-preview:-1\" \/>\n<link rel=\"canonical\" href=\"http:\/\/clearimpactstrategy.com\/es\/services\/internal-party-elections\/\" \/>\n<meta property=\"og:locale\" content=\"es_ES\" \/>\n<meta property=\"og:type\" content=\"article\" \/>\n<meta property=\"og:title\" content=\"Internal Party Elections - Clear Impact Strategy\" \/>\n<meta property=\"og:description\" content=\"Jim is one of the foremost experts on internal party elections in Canada. Jim has worked on national leadership campaigns in Canada and the UK and in multiple Canadian provinces, including serving as National Chair of Field Operations for the successful 2020 Erin O\u2019Toole national leadership campaign. Clear Impact Strategy provides expert advice on how [&hellip;]\" \/>\n<meta property=\"og:url\" content=\"http:\/\/clearimpactstrategy.com\/es\/services\/internal-party-elections\/\" \/>\n<meta property=\"og:site_name\" content=\"Clear Impact Strategy\" \/>\n<meta property=\"article:modified_time\" content=\"2025-11-04T05:42:04+00:00\" \/>\n<meta property=\"og:image\" content=\"http:\/\/clearimpactstrategy.com\/wp-content\/uploads\/2025\/07\/pexels-tara-winstead-8850706.jpg\" \/>\n\t<meta property=\"og:image:width\" content=\"1280\" \/>\n\t<meta property=\"og:image:height\" content=\"853\" \/>\n\t<meta property=\"og:image:type\" content=\"image\/jpeg\" \/>\n<meta name=\"twitter:card\" content=\"summary_large_image\" \/>\n<meta name=\"twitter:label1\" content=\"Tiempo de lectura\" \/>\n\t<meta name=\"twitter:data1\" content=\"1 minuto\" \/>\n<script type=\"application\/ld+json\" class=\"yoast-schema-graph\">{\"@context\":\"https:\\\/\\\/schema.org\",\"@graph\":[{\"@type\":\"WebPage\",\"@id\":\"http:\\\/\\\/clearimpactstrategy.com\\\/services\\\/internal-party-elections\\\/\",\"url\":\"http:\\\/\\\/clearimpactstrategy.com\\\/services\\\/internal-party-elections\\\/\",\"name\":\"Internal Party Elections - Clear Impact Strategy\",\"isPartOf\":{\"@id\":\"http:\\\/\\\/clearimpactstrategy.com\\\/#website\"},\"primaryImageOfPage\":{\"@id\":\"http:\\\/\\\/clearimpactstrategy.com\\\/services\\\/internal-party-elections\\\/#primaryimage\"},\"image\":{\"@id\":\"http:\\\/\\\/clearimpactstrategy.com\\\/services\\\/internal-party-elections\\\/#primaryimage\"},\"thumbnailUrl\":\"https:\\\/\\\/clearimpactstrategy.com\\\/wp-content\\\/uploads\\\/2025\\\/07\\\/pexels-tara-winstead-8850706.jpg\",\"datePublished\":\"2025-07-04T12:09:16+00:00\",\"dateModified\":\"2025-11-04T05:42:04+00:00\",\"breadcrumb\":{\"@id\":\"http:\\\/\\\/clearimpactstrategy.com\\\/services\\\/internal-party-elections\\\/#breadcrumb\"},\"inLanguage\":\"es\",\"potentialAction\":[{\"@type\":\"ReadAction\",\"target\":[\"http:\\\/\\\/clearimpactstrategy.com\\\/services\\\/internal-party-elections\\\/\"]}]},{\"@type\":\"ImageObject\",\"inLanguage\":\"es\",\"@id\":\"http:\\\/\\\/clearimpactstrategy.com\\\/services\\\/internal-party-elections\\\/#primaryimage\",\"url\":\"https:\\\/\\\/clearimpactstrategy.com\\\/wp-content\\\/uploads\\\/2025\\\/07\\\/pexels-tara-winstead-8850706.jpg\",\"contentUrl\":\"https:\\\/\\\/clearimpactstrategy.com\\\/wp-content\\\/uploads\\\/2025\\\/07\\\/pexels-tara-winstead-8850706.jpg\",\"width\":1280,\"height\":853},{\"@type\":\"BreadcrumbList\",\"@id\":\"http:\\\/\\\/clearimpactstrategy.com\\\/services\\\/internal-party-elections\\\/#breadcrumb\",\"itemListElement\":[{\"@type\":\"ListItem\",\"position\":1,\"name\":\"Home\",\"item\":\"http:\\\/\\\/clearimpactstrategy.com\\\/\"},{\"@type\":\"ListItem\",\"position\":2,\"name\":\"Services\",\"item\":\"https:\\\/\\\/clearimpactstrategy.com\\\/services\\\/\"},{\"@type\":\"ListItem\",\"position\":3,\"name\":\"Internal Party Elections\"}]},{\"@type\":\"WebSite\",\"@id\":\"http:\\\/\\\/clearimpactstrategy.com\\\/#website\",\"url\":\"http:\\\/\\\/clearimpactstrategy.com\\\/\",\"name\":\"Clear Impact Strategy\",\"description\":\"\",\"publisher\":{\"@id\":\"http:\\\/\\\/clearimpactstrategy.com\\\/#organization\"},\"potentialAction\":[{\"@type\":\"SearchAction\",\"target\":{\"@type\":\"EntryPoint\",\"urlTemplate\":\"http:\\\/\\\/clearimpactstrategy.com\\\/?s={search_term_string}\"},\"query-input\":{\"@type\":\"PropertyValueSpecification\",\"valueRequired\":true,\"valueName\":\"search_term_string\"}}],\"inLanguage\":\"es\"},{\"@type\":\"Organization\",\"@id\":\"http:\\\/\\\/clearimpactstrategy.com\\\/#organization\",\"name\":\"Clear Impact Strategy\",\"url\":\"http:\\\/\\\/clearimpactstrategy.com\\\/\",\"logo\":{\"@type\":\"ImageObject\",\"inLanguage\":\"es\",\"@id\":\"http:\\\/\\\/clearimpactstrategy.com\\\/#\\\/schema\\\/logo\\\/image\\\/\",\"url\":\"\",\"contentUrl\":\"\",\"caption\":\"Clear Impact Strategy\"},\"image\":{\"@id\":\"http:\\\/\\\/clearimpactstrategy.com\\\/#\\\/schema\\\/logo\\\/image\\\/\"}}]}<\/script>\n<!-- \/ Yoast SEO plugin. -->","yoast_head_json":{"title":"Internal Party Elections - Clear Impact Strategy","robots":{"index":"index","follow":"follow","max-snippet":"max-snippet:-1","max-image-preview":"max-image-preview:large","max-video-preview":"max-video-preview:-1"},"canonical":"http:\/\/clearimpactstrategy.com\/es\/services\/internal-party-elections\/","og_locale":"es_ES","og_type":"article","og_title":"Internal Party Elections - Clear Impact Strategy","og_description":"Jim is one of the foremost experts on internal party elections in Canada. Jim has worked on national leadership campaigns in Canada and the UK and in multiple Canadian provinces, including serving as National Chair of Field Operations for the successful 2020 Erin O\u2019Toole national leadership campaign. Clear Impact Strategy provides expert advice on how [&hellip;]","og_url":"http:\/\/clearimpactstrategy.com\/es\/services\/internal-party-elections\/","og_site_name":"Clear Impact Strategy","article_modified_time":"2025-11-04T05:42:04+00:00","og_image":[{"width":1280,"height":853,"url":"http:\/\/clearimpactstrategy.com\/wp-content\/uploads\/2025\/07\/pexels-tara-winstead-8850706.jpg","type":"image\/jpeg"}],"twitter_card":"summary_large_image","twitter_misc":{"Tiempo de lectura":"1 minuto"},"schema":{"@context":"https:\/\/schema.org","@graph":[{"@type":"WebPage","@id":"http:\/\/clearimpactstrategy.com\/services\/internal-party-elections\/","url":"http:\/\/clearimpactstrategy.com\/services\/internal-party-elections\/","name":"Internal Party Elections - Clear Impact Strategy","isPartOf":{"@id":"http:\/\/clearimpactstrategy.com\/#website"},"primaryImageOfPage":{"@id":"http:\/\/clearimpactstrategy.com\/services\/internal-party-elections\/#primaryimage"},"image":{"@id":"http:\/\/clearimpactstrategy.com\/services\/internal-party-elections\/#primaryimage"},"thumbnailUrl":"https:\/\/clearimpactstrategy.com\/wp-content\/uploads\/2025\/07\/pexels-tara-winstead-8850706.jpg","datePublished":"2025-07-04T12:09:16+00:00","dateModified":"2025-11-04T05:42:04+00:00","breadcrumb":{"@id":"http:\/\/clearimpactstrategy.com\/services\/internal-party-elections\/#breadcrumb"},"inLanguage":"es","potentialAction":[{"@type":"ReadAction","target":["http:\/\/clearimpactstrategy.com\/services\/internal-party-elections\/"]}]},{"@type":"ImageObject","inLanguage":"es","@id":"http:\/\/clearimpactstrategy.com\/services\/internal-party-elections\/#primaryimage","url":"https:\/\/clearimpactstrategy.com\/wp-content\/uploads\/2025\/07\/pexels-tara-winstead-8850706.jpg","contentUrl":"https:\/\/clearimpactstrategy.com\/wp-content\/uploads\/2025\/07\/pexels-tara-winstead-8850706.jpg","width":1280,"height":853},{"@type":"BreadcrumbList","@id":"http:\/\/clearimpactstrategy.com\/services\/internal-party-elections\/#breadcrumb","itemListElement":[{"@type":"ListItem","position":1,"name":"Home","item":"http:\/\/clearimpactstrategy.com\/"},{"@type":"ListItem","position":2,"name":"Services","item":"https:\/\/clearimpactstrategy.com\/services\/"},{"@type":"ListItem","position":3,"name":"Internal Party Elections"}]},{"@type":"WebSite","@id":"http:\/\/clearimpactstrategy.com\/#website","url":"http:\/\/clearimpactstrategy.com\/","name":"Clear Impact Strategy","description":"","publisher":{"@id":"http:\/\/clearimpactstrategy.com\/#organization"},"potentialAction":[{"@type":"SearchAction","target":{"@type":"EntryPoint","urlTemplate":"http:\/\/clearimpactstrategy.com\/?s={search_term_string}"},"query-input":{"@type":"PropertyValueSpecification","valueRequired":true,"valueName":"search_term_string"}}],"inLanguage":"es"},{"@type":"Organization","@id":"http:\/\/clearimpactstrategy.com\/#organization","name":"Clear Impact Strategy","url":"http:\/\/clearimpactstrategy.com\/","logo":{"@type":"ImageObject","inLanguage":"es","@id":"http:\/\/clearimpactstrategy.com\/#\/schema\/logo\/image\/","url":"","contentUrl":"","caption":"Clear Impact Strategy"},"image":{"@id":"http:\/\/clearimpactstrategy.com\/#\/schema\/logo\/image\/"}}]}},"_links":{"self":[{"href":"https:\/\/clearimpactstrategy.com\/es\/wp-json\/wp\/v2\/pages\/772","targetHints":{"allow":["GET"]}}],"collection":[{"href":"https:\/\/clearimpactstrategy.com\/es\/wp-json\/wp\/v2\/pages"}],"about":[{"href":"https:\/\/clearimpactstrategy.com\/es\/wp-json\/wp\/v2\/types\/page"}],"author":[{"embeddable":true,"href":"https:\/\/clearimpactstrategy.com\/es\/wp-json\/wp\/v2\/users\/1"}],"replies":[{"embeddable":true,"href":"https:\/\/clearimpactstrategy.com\/es\/wp-json\/wp\/v2\/comments?post=772"}],"version-history":[{"count":5,"href":"https:\/\/clearimpactstrategy.com\/es\/wp-json\/wp\/v2\/pages\/772\/revisions"}],"predecessor-version":[{"id":1195,"href":"https:\/\/clearimpactstrategy.com\/es\/wp-json\/wp\/v2\/pages\/772\/revisions\/1195"}],"up":[{"embeddable":true,"href":"https:\/\/clearimpactstrategy.com\/es\/wp-json\/wp\/v2\/pages\/760"}],"wp:featuredmedia":[{"embeddable":true,"href":"https:\/\/clearimpactstrategy.com\/es\/wp-json\/wp\/v2\/media\/1020"}],"wp:attachment":[{"href":"https:\/\/clearimpactstrategy.com\/es\/wp-json\/wp\/v2\/media?parent=772"}],"curies":[{"name":"wp","href":"https:\/\/api.w.org\/{rel}","templated":true}]}}