{"id":767,"date":"2025-07-04T08:08:49","date_gmt":"2025-07-04T12:08:49","guid":{"rendered":"https:\/\/clearimpactstrategy.com\/?page_id=767"},"modified":"2025-11-04T01:17:09","modified_gmt":"2025-11-04T06:17:09","slug":"public-outreach-and-consultation","status":"publish","type":"page","link":"https:\/\/clearimpactstrategy.com\/es\/services\/public-outreach-and-consultation\/","title":{"rendered":"Participaci\u00f3n ciudadana y consulta p\u00fablica"},"content":{"rendered":"<p>Clear Impact Strategy colabora con funcionarios electos, gobiernos y empresas para brindar servicios de participaci\u00f3n ciudadana, consulta e investigaci\u00f3n. Ayudamos a nuestros clientes a utilizar ayuntamientos telef\u00f3nicos y otras herramientas para comunicarse con el p\u00fablico, consultar con las partes interesadas y recabar opiniones sobre temas clave. Tambi\u00e9n apoyamos a organizaciones sin fines de lucro y asociaciones en el dise\u00f1o e implementaci\u00f3n de estrategias de participaci\u00f3n que generen conciencia, recopilen opiniones y fortalezcan las relaciones comunitarias. Ya sea para contactar con la ciudadan\u00eda, lanzar una nueva iniciativa, moldear la percepci\u00f3n p\u00fablica o analizar la opini\u00f3n p\u00fablica mediante encuestas e investigaciones, ofrecemos m\u00e9todos probados en campa\u00f1as que ayudan a nuestros clientes a comunicarse con claridad y eficacia.<\/p>","protected":false},"excerpt":{"rendered":"<p>Clear Impact Strategy works with elected officials, governments and businesses to provide public outreach, consultation and research services. We help clients use telephone town halls and other tools to communicate with the public, consult with stakeholders and measure opinions on key issues. We also support non-profits and associations in designing and running engagement strategies that [&hellip;]<\/p>\n","protected":false},"author":1,"featured_media":1205,"parent":760,"menu_order":0,"comment_status":"closed","ping_status":"closed","template":"","meta":{"footnotes":""},"class_list":["post-767","page","type-page","status-publish","has-post-thumbnail","hentry"],"yoast_head":"<!-- This site is optimized with the Yoast SEO plugin v27.4 - https:\/\/yoast.com\/product\/yoast-seo-wordpress\/ -->\n<title>Public Outreach and Consultation - Clear Impact Strategy<\/title>\n<meta name=\"robots\" content=\"index, follow, max-snippet:-1, max-image-preview:large, max-video-preview:-1\" \/>\n<link rel=\"canonical\" href=\"https:\/\/clearimpactstrategy.com\/es\/services\/public-outreach-and-consultation\/\" \/>\n<meta property=\"og:locale\" content=\"es_ES\" \/>\n<meta property=\"og:type\" content=\"article\" \/>\n<meta property=\"og:title\" content=\"Public Outreach and Consultation - Clear Impact Strategy\" \/>\n<meta property=\"og:description\" content=\"Clear Impact Strategy works with elected officials, governments and businesses to provide public outreach, consultation and research services. We help clients use telephone town halls and other tools to communicate with the public, consult with stakeholders and measure opinions on key issues. We also support non-profits and associations in designing and running engagement strategies that [&hellip;]\" \/>\n<meta property=\"og:url\" content=\"https:\/\/clearimpactstrategy.com\/es\/services\/public-outreach-and-consultation\/\" \/>\n<meta property=\"og:site_name\" content=\"Clear Impact Strategy\" \/>\n<meta property=\"article:modified_time\" content=\"2025-11-04T06:17:09+00:00\" \/>\n<meta property=\"og:image\" content=\"https:\/\/clearimpactstrategy.com\/wp-content\/uploads\/2025\/11\/WhatsApp-Image-2025-11-03-at-21.09.07.jpeg\" \/>\n\t<meta property=\"og:image:width\" content=\"1200\" \/>\n\t<meta property=\"og:image:height\" content=\"1600\" \/>\n\t<meta property=\"og:image:type\" content=\"image\/jpeg\" \/>\n<meta name=\"twitter:card\" content=\"summary_large_image\" \/>\n<meta name=\"twitter:label1\" content=\"Tiempo de lectura\" \/>\n\t<meta name=\"twitter:data1\" content=\"1 minuto\" \/>\n<script type=\"application\/ld+json\" class=\"yoast-schema-graph\">{\"@context\":\"https:\\\/\\\/schema.org\",\"@graph\":[{\"@type\":\"WebPage\",\"@id\":\"https:\\\/\\\/clearimpactstrategy.com\\\/es\\\/services\\\/public-outreach-and-consultation\\\/\",\"url\":\"https:\\\/\\\/clearimpactstrategy.com\\\/es\\\/services\\\/public-outreach-and-consultation\\\/\",\"name\":\"Public Outreach and Consultation - Clear Impact Strategy\",\"isPartOf\":{\"@id\":\"http:\\\/\\\/clearimpactstrategy.com\\\/#website\"},\"primaryImageOfPage\":{\"@id\":\"https:\\\/\\\/clearimpactstrategy.com\\\/es\\\/services\\\/public-outreach-and-consultation\\\/#primaryimage\"},\"image\":{\"@id\":\"https:\\\/\\\/clearimpactstrategy.com\\\/es\\\/services\\\/public-outreach-and-consultation\\\/#primaryimage\"},\"thumbnailUrl\":\"https:\\\/\\\/clearimpactstrategy.com\\\/wp-content\\\/uploads\\\/2025\\\/11\\\/WhatsApp-Image-2025-11-03-at-21.09.07.jpeg\",\"datePublished\":\"2025-07-04T12:08:49+00:00\",\"dateModified\":\"2025-11-04T06:17:09+00:00\",\"breadcrumb\":{\"@id\":\"https:\\\/\\\/clearimpactstrategy.com\\\/es\\\/services\\\/public-outreach-and-consultation\\\/#breadcrumb\"},\"inLanguage\":\"es\",\"potentialAction\":[{\"@type\":\"ReadAction\",\"target\":[\"https:\\\/\\\/clearimpactstrategy.com\\\/es\\\/services\\\/public-outreach-and-consultation\\\/\"]}]},{\"@type\":\"ImageObject\",\"inLanguage\":\"es\",\"@id\":\"https:\\\/\\\/clearimpactstrategy.com\\\/es\\\/services\\\/public-outreach-and-consultation\\\/#primaryimage\",\"url\":\"https:\\\/\\\/clearimpactstrategy.com\\\/wp-content\\\/uploads\\\/2025\\\/11\\\/WhatsApp-Image-2025-11-03-at-21.09.07.jpeg\",\"contentUrl\":\"https:\\\/\\\/clearimpactstrategy.com\\\/wp-content\\\/uploads\\\/2025\\\/11\\\/WhatsApp-Image-2025-11-03-at-21.09.07.jpeg\",\"width\":1200,\"height\":1600},{\"@type\":\"BreadcrumbList\",\"@id\":\"https:\\\/\\\/clearimpactstrategy.com\\\/es\\\/services\\\/public-outreach-and-consultation\\\/#breadcrumb\",\"itemListElement\":[{\"@type\":\"ListItem\",\"position\":1,\"name\":\"Home\",\"item\":\"http:\\\/\\\/clearimpactstrategy.com\\\/\"},{\"@type\":\"ListItem\",\"position\":2,\"name\":\"Services\",\"item\":\"https:\\\/\\\/clearimpactstrategy.com\\\/services\\\/\"},{\"@type\":\"ListItem\",\"position\":3,\"name\":\"Public Outreach and Consultation\"}]},{\"@type\":\"WebSite\",\"@id\":\"http:\\\/\\\/clearimpactstrategy.com\\\/#website\",\"url\":\"http:\\\/\\\/clearimpactstrategy.com\\\/\",\"name\":\"Clear Impact Strategy\",\"description\":\"\",\"publisher\":{\"@id\":\"http:\\\/\\\/clearimpactstrategy.com\\\/#organization\"},\"potentialAction\":[{\"@type\":\"SearchAction\",\"target\":{\"@type\":\"EntryPoint\",\"urlTemplate\":\"http:\\\/\\\/clearimpactstrategy.com\\\/?s={search_term_string}\"},\"query-input\":{\"@type\":\"PropertyValueSpecification\",\"valueRequired\":true,\"valueName\":\"search_term_string\"}}],\"inLanguage\":\"es\"},{\"@type\":\"Organization\",\"@id\":\"http:\\\/\\\/clearimpactstrategy.com\\\/#organization\",\"name\":\"Clear Impact Strategy\",\"url\":\"http:\\\/\\\/clearimpactstrategy.com\\\/\",\"logo\":{\"@type\":\"ImageObject\",\"inLanguage\":\"es\",\"@id\":\"http:\\\/\\\/clearimpactstrategy.com\\\/#\\\/schema\\\/logo\\\/image\\\/\",\"url\":\"\",\"contentUrl\":\"\",\"caption\":\"Clear Impact Strategy\"},\"image\":{\"@id\":\"http:\\\/\\\/clearimpactstrategy.com\\\/#\\\/schema\\\/logo\\\/image\\\/\"}}]}<\/script>\n<!-- \/ Yoast SEO plugin. -->","yoast_head_json":{"title":"Public Outreach and Consultation - Clear Impact Strategy","robots":{"index":"index","follow":"follow","max-snippet":"max-snippet:-1","max-image-preview":"max-image-preview:large","max-video-preview":"max-video-preview:-1"},"canonical":"https:\/\/clearimpactstrategy.com\/es\/services\/public-outreach-and-consultation\/","og_locale":"es_ES","og_type":"article","og_title":"Public Outreach and Consultation - Clear Impact Strategy","og_description":"Clear Impact Strategy works with elected officials, governments and businesses to provide public outreach, consultation and research services. We help clients use telephone town halls and other tools to communicate with the public, consult with stakeholders and measure opinions on key issues. We also support non-profits and associations in designing and running engagement strategies that [&hellip;]","og_url":"https:\/\/clearimpactstrategy.com\/es\/services\/public-outreach-and-consultation\/","og_site_name":"Clear Impact Strategy","article_modified_time":"2025-11-04T06:17:09+00:00","og_image":[{"width":1200,"height":1600,"url":"https:\/\/clearimpactstrategy.com\/wp-content\/uploads\/2025\/11\/WhatsApp-Image-2025-11-03-at-21.09.07.jpeg","type":"image\/jpeg"}],"twitter_card":"summary_large_image","twitter_misc":{"Tiempo de lectura":"1 minuto"},"schema":{"@context":"https:\/\/schema.org","@graph":[{"@type":"WebPage","@id":"https:\/\/clearimpactstrategy.com\/es\/services\/public-outreach-and-consultation\/","url":"https:\/\/clearimpactstrategy.com\/es\/services\/public-outreach-and-consultation\/","name":"Public Outreach and Consultation - Clear Impact Strategy","isPartOf":{"@id":"http:\/\/clearimpactstrategy.com\/#website"},"primaryImageOfPage":{"@id":"https:\/\/clearimpactstrategy.com\/es\/services\/public-outreach-and-consultation\/#primaryimage"},"image":{"@id":"https:\/\/clearimpactstrategy.com\/es\/services\/public-outreach-and-consultation\/#primaryimage"},"thumbnailUrl":"https:\/\/clearimpactstrategy.com\/wp-content\/uploads\/2025\/11\/WhatsApp-Image-2025-11-03-at-21.09.07.jpeg","datePublished":"2025-07-04T12:08:49+00:00","dateModified":"2025-11-04T06:17:09+00:00","breadcrumb":{"@id":"https:\/\/clearimpactstrategy.com\/es\/services\/public-outreach-and-consultation\/#breadcrumb"},"inLanguage":"es","potentialAction":[{"@type":"ReadAction","target":["https:\/\/clearimpactstrategy.com\/es\/services\/public-outreach-and-consultation\/"]}]},{"@type":"ImageObject","inLanguage":"es","@id":"https:\/\/clearimpactstrategy.com\/es\/services\/public-outreach-and-consultation\/#primaryimage","url":"https:\/\/clearimpactstrategy.com\/wp-content\/uploads\/2025\/11\/WhatsApp-Image-2025-11-03-at-21.09.07.jpeg","contentUrl":"https:\/\/clearimpactstrategy.com\/wp-content\/uploads\/2025\/11\/WhatsApp-Image-2025-11-03-at-21.09.07.jpeg","width":1200,"height":1600},{"@type":"BreadcrumbList","@id":"https:\/\/clearimpactstrategy.com\/es\/services\/public-outreach-and-consultation\/#breadcrumb","itemListElement":[{"@type":"ListItem","position":1,"name":"Home","item":"http:\/\/clearimpactstrategy.com\/"},{"@type":"ListItem","position":2,"name":"Services","item":"https:\/\/clearimpactstrategy.com\/services\/"},{"@type":"ListItem","position":3,"name":"Public Outreach and Consultation"}]},{"@type":"WebSite","@id":"http:\/\/clearimpactstrategy.com\/#website","url":"http:\/\/clearimpactstrategy.com\/","name":"Clear Impact Strategy","description":"","publisher":{"@id":"http:\/\/clearimpactstrategy.com\/#organization"},"potentialAction":[{"@type":"SearchAction","target":{"@type":"EntryPoint","urlTemplate":"http:\/\/clearimpactstrategy.com\/?s={search_term_string}"},"query-input":{"@type":"PropertyValueSpecification","valueRequired":true,"valueName":"search_term_string"}}],"inLanguage":"es"},{"@type":"Organization","@id":"http:\/\/clearimpactstrategy.com\/#organization","name":"Clear Impact Strategy","url":"http:\/\/clearimpactstrategy.com\/","logo":{"@type":"ImageObject","inLanguage":"es","@id":"http:\/\/clearimpactstrategy.com\/#\/schema\/logo\/image\/","url":"","contentUrl":"","caption":"Clear Impact Strategy"},"image":{"@id":"http:\/\/clearimpactstrategy.com\/#\/schema\/logo\/image\/"}}]}},"_links":{"self":[{"href":"https:\/\/clearimpactstrategy.com\/es\/wp-json\/wp\/v2\/pages\/767","targetHints":{"allow":["GET"]}}],"collection":[{"href":"https:\/\/clearimpactstrategy.com\/es\/wp-json\/wp\/v2\/pages"}],"about":[{"href":"https:\/\/clearimpactstrategy.com\/es\/wp-json\/wp\/v2\/types\/page"}],"author":[{"embeddable":true,"href":"https:\/\/clearimpactstrategy.com\/es\/wp-json\/wp\/v2\/users\/1"}],"replies":[{"embeddable":true,"href":"https:\/\/clearimpactstrategy.com\/es\/wp-json\/wp\/v2\/comments?post=767"}],"version-history":[{"count":3,"href":"https:\/\/clearimpactstrategy.com\/es\/wp-json\/wp\/v2\/pages\/767\/revisions"}],"predecessor-version":[{"id":1206,"href":"https:\/\/clearimpactstrategy.com\/es\/wp-json\/wp\/v2\/pages\/767\/revisions\/1206"}],"up":[{"embeddable":true,"href":"https:\/\/clearimpactstrategy.com\/es\/wp-json\/wp\/v2\/pages\/760"}],"wp:featuredmedia":[{"embeddable":true,"href":"https:\/\/clearimpactstrategy.com\/es\/wp-json\/wp\/v2\/media\/1205"}],"wp:attachment":[{"href":"https:\/\/clearimpactstrategy.com\/es\/wp-json\/wp\/v2\/media?parent=767"}],"curies":[{"name":"wp","href":"https:\/\/api.w.org\/{rel}","templated":true}]}}