{"id":765,"date":"2025-07-04T08:08:37","date_gmt":"2025-07-04T12:08:37","guid":{"rendered":"https:\/\/clearimpactstrategy.com\/?page_id=765"},"modified":"2025-11-04T00:36:37","modified_gmt":"2025-11-04T05:36:37","slug":"campaign-voter-contact","status":"publish","type":"page","link":"https:\/\/clearimpactstrategy.com\/es\/services\/campaign-voter-contact\/","title":{"rendered":"Contacto Directo"},"content":{"rendered":"<div data-elementor-type=\"wp-page\" data-elementor-id=\"765\" class=\"elementor elementor-765\" data-elementor-post-type=\"page\">\n\t\t\t\t<div class=\"elementor-element elementor-element-6ed7a193 e-flex e-con-boxed e-con e-parent\" data-id=\"6ed7a193\" data-element_type=\"container\" data-e-type=\"container\">\n\t\t\t\t\t<div class=\"e-con-inner\">\n\t\t\t\t<div class=\"elementor-element elementor-element-7187d3ec elementor-widget elementor-widget-text-editor\" data-id=\"7187d3ec\" data-element_type=\"widget\" data-e-type=\"widget\" data-widget_type=\"text-editor.default\">\n\t\t\t\t<div class=\"elementor-widget-container\">\n\t\t\t\t\t\t\t\t\tClear Impact Strategy ofrece servicios de contacto directo a candidatos de todos los niveles de gobierno. En colaboraci\u00f3n con ElectRight y otros proveedores de alto nivel, ofrecemos una gama completa de servicios de contacto directo, que incluyen llamadas en vivo para identificaci\u00f3n de votantes y movilizaci\u00f3n, mensajes de texto y llamadas automatizadas. Creamos planes y opciones que se adaptan a su campa\u00f1a y a su presupuesto.\t\t\t\t\t\t\t\t<\/div>\n\t\t\t\t<\/div>\n\t\t\t\t\t<\/div>\n\t\t\t\t<\/div>\n\t\t\t\t<\/div>","protected":false},"excerpt":{"rendered":"<p>Clear Impact Strategy ofrece servicios de contacto directo a candidatos de todos los niveles de gobierno. En colaboraci\u00f3n con ElectRight y otros proveedores de alto nivel, ofrecemos una gama completa de servicios de contacto directo, que incluyen llamadas en vivo para identificaci\u00f3n de votantes y movilizaci\u00f3n, mensajes de texto y llamadas automatizadas. Creamos planes y opciones que se adaptan a su campa\u00f1a y a su presupuesto.<\/p>","protected":false},"author":1,"featured_media":1014,"parent":760,"menu_order":0,"comment_status":"closed","ping_status":"closed","template":"","meta":{"footnotes":""},"class_list":["post-765","page","type-page","status-publish","has-post-thumbnail","hentry"],"yoast_head":"<!-- This site is optimized with the Yoast SEO plugin v27.4 - https:\/\/yoast.com\/product\/yoast-seo-wordpress\/ -->\n<title>Campaign Voter Contact - Clear Impact Strategy<\/title>\n<meta name=\"robots\" content=\"index, follow, max-snippet:-1, max-image-preview:large, max-video-preview:-1\" \/>\n<link rel=\"canonical\" href=\"https:\/\/clearimpactstrategy.com\/es\/services\/campaign-voter-contact\/\" \/>\n<meta property=\"og:locale\" content=\"es_ES\" \/>\n<meta property=\"og:type\" content=\"article\" \/>\n<meta property=\"og:title\" content=\"Campaign Voter Contact - Clear Impact Strategy\" \/>\n<meta property=\"og:description\" content=\"Clear Impact Strategy provides voter contact services to candidates at all levels of government. Working with ElectRight and other high calibre vendors, we provide the whole range of voter contact services including live voter ID and GOTV calling, texting, and automated calls. We create plans and options that suit your campaign and your budget.\" \/>\n<meta property=\"og:url\" content=\"https:\/\/clearimpactstrategy.com\/es\/services\/campaign-voter-contact\/\" \/>\n<meta property=\"og:site_name\" content=\"Clear Impact Strategy\" \/>\n<meta property=\"article:modified_time\" content=\"2025-11-04T05:36:37+00:00\" \/>\n<meta property=\"og:image\" content=\"https:\/\/clearimpactstrategy.com\/wp-content\/uploads\/2025\/07\/valery-tenevoy-BOrIUmdif4E-unsplash.jpg\" \/>\n\t<meta property=\"og:image:width\" content=\"1920\" \/>\n\t<meta property=\"og:image:height\" content=\"1280\" \/>\n\t<meta property=\"og:image:type\" content=\"image\/jpeg\" \/>\n<meta name=\"twitter:card\" content=\"summary_large_image\" \/>\n<meta name=\"twitter:label1\" content=\"Tiempo de lectura\" \/>\n\t<meta name=\"twitter:data1\" content=\"1 minuto\" \/>\n<script type=\"application\/ld+json\" class=\"yoast-schema-graph\">{\"@context\":\"https:\\\/\\\/schema.org\",\"@graph\":[{\"@type\":\"WebPage\",\"@id\":\"https:\\\/\\\/clearimpactstrategy.com\\\/services\\\/campaign-voter-contact\\\/\",\"url\":\"https:\\\/\\\/clearimpactstrategy.com\\\/services\\\/campaign-voter-contact\\\/\",\"name\":\"Campaign Voter Contact - Clear Impact Strategy\",\"isPartOf\":{\"@id\":\"http:\\\/\\\/clearimpactstrategy.com\\\/#website\"},\"primaryImageOfPage\":{\"@id\":\"https:\\\/\\\/clearimpactstrategy.com\\\/services\\\/campaign-voter-contact\\\/#primaryimage\"},\"image\":{\"@id\":\"https:\\\/\\\/clearimpactstrategy.com\\\/services\\\/campaign-voter-contact\\\/#primaryimage\"},\"thumbnailUrl\":\"https:\\\/\\\/clearimpactstrategy.com\\\/wp-content\\\/uploads\\\/2025\\\/07\\\/valery-tenevoy-BOrIUmdif4E-unsplash.jpg\",\"datePublished\":\"2025-07-04T12:08:37+00:00\",\"dateModified\":\"2025-11-04T05:36:37+00:00\",\"breadcrumb\":{\"@id\":\"https:\\\/\\\/clearimpactstrategy.com\\\/services\\\/campaign-voter-contact\\\/#breadcrumb\"},\"inLanguage\":\"es\",\"potentialAction\":[{\"@type\":\"ReadAction\",\"target\":[\"https:\\\/\\\/clearimpactstrategy.com\\\/services\\\/campaign-voter-contact\\\/\"]}]},{\"@type\":\"ImageObject\",\"inLanguage\":\"es\",\"@id\":\"https:\\\/\\\/clearimpactstrategy.com\\\/services\\\/campaign-voter-contact\\\/#primaryimage\",\"url\":\"https:\\\/\\\/clearimpactstrategy.com\\\/wp-content\\\/uploads\\\/2025\\\/07\\\/valery-tenevoy-BOrIUmdif4E-unsplash.jpg\",\"contentUrl\":\"https:\\\/\\\/clearimpactstrategy.com\\\/wp-content\\\/uploads\\\/2025\\\/07\\\/valery-tenevoy-BOrIUmdif4E-unsplash.jpg\",\"width\":1920,\"height\":1280},{\"@type\":\"BreadcrumbList\",\"@id\":\"https:\\\/\\\/clearimpactstrategy.com\\\/services\\\/campaign-voter-contact\\\/#breadcrumb\",\"itemListElement\":[{\"@type\":\"ListItem\",\"position\":1,\"name\":\"Home\",\"item\":\"http:\\\/\\\/clearimpactstrategy.com\\\/\"},{\"@type\":\"ListItem\",\"position\":2,\"name\":\"Services\",\"item\":\"https:\\\/\\\/clearimpactstrategy.com\\\/services\\\/\"},{\"@type\":\"ListItem\",\"position\":3,\"name\":\"Campaign Voter Contact\"}]},{\"@type\":\"WebSite\",\"@id\":\"http:\\\/\\\/clearimpactstrategy.com\\\/#website\",\"url\":\"http:\\\/\\\/clearimpactstrategy.com\\\/\",\"name\":\"Clear Impact Strategy\",\"description\":\"\",\"publisher\":{\"@id\":\"http:\\\/\\\/clearimpactstrategy.com\\\/#organization\"},\"potentialAction\":[{\"@type\":\"SearchAction\",\"target\":{\"@type\":\"EntryPoint\",\"urlTemplate\":\"http:\\\/\\\/clearimpactstrategy.com\\\/?s={search_term_string}\"},\"query-input\":{\"@type\":\"PropertyValueSpecification\",\"valueRequired\":true,\"valueName\":\"search_term_string\"}}],\"inLanguage\":\"es\"},{\"@type\":\"Organization\",\"@id\":\"http:\\\/\\\/clearimpactstrategy.com\\\/#organization\",\"name\":\"Clear Impact Strategy\",\"url\":\"http:\\\/\\\/clearimpactstrategy.com\\\/\",\"logo\":{\"@type\":\"ImageObject\",\"inLanguage\":\"es\",\"@id\":\"http:\\\/\\\/clearimpactstrategy.com\\\/#\\\/schema\\\/logo\\\/image\\\/\",\"url\":\"\",\"contentUrl\":\"\",\"caption\":\"Clear Impact Strategy\"},\"image\":{\"@id\":\"http:\\\/\\\/clearimpactstrategy.com\\\/#\\\/schema\\\/logo\\\/image\\\/\"}}]}<\/script>\n<!-- \/ Yoast SEO plugin. -->","yoast_head_json":{"title":"Campaign Voter Contact - Clear Impact Strategy","robots":{"index":"index","follow":"follow","max-snippet":"max-snippet:-1","max-image-preview":"max-image-preview:large","max-video-preview":"max-video-preview:-1"},"canonical":"https:\/\/clearimpactstrategy.com\/es\/services\/campaign-voter-contact\/","og_locale":"es_ES","og_type":"article","og_title":"Campaign Voter Contact - Clear Impact Strategy","og_description":"Clear Impact Strategy provides voter contact services to candidates at all levels of government. Working with ElectRight and other high calibre vendors, we provide the whole range of voter contact services including live voter ID and GOTV calling, texting, and automated calls. We create plans and options that suit your campaign and your budget.","og_url":"https:\/\/clearimpactstrategy.com\/es\/services\/campaign-voter-contact\/","og_site_name":"Clear Impact Strategy","article_modified_time":"2025-11-04T05:36:37+00:00","og_image":[{"width":1920,"height":1280,"url":"https:\/\/clearimpactstrategy.com\/wp-content\/uploads\/2025\/07\/valery-tenevoy-BOrIUmdif4E-unsplash.jpg","type":"image\/jpeg"}],"twitter_card":"summary_large_image","twitter_misc":{"Tiempo de lectura":"1 minuto"},"schema":{"@context":"https:\/\/schema.org","@graph":[{"@type":"WebPage","@id":"https:\/\/clearimpactstrategy.com\/services\/campaign-voter-contact\/","url":"https:\/\/clearimpactstrategy.com\/services\/campaign-voter-contact\/","name":"Campaign Voter Contact - Clear Impact Strategy","isPartOf":{"@id":"http:\/\/clearimpactstrategy.com\/#website"},"primaryImageOfPage":{"@id":"https:\/\/clearimpactstrategy.com\/services\/campaign-voter-contact\/#primaryimage"},"image":{"@id":"https:\/\/clearimpactstrategy.com\/services\/campaign-voter-contact\/#primaryimage"},"thumbnailUrl":"https:\/\/clearimpactstrategy.com\/wp-content\/uploads\/2025\/07\/valery-tenevoy-BOrIUmdif4E-unsplash.jpg","datePublished":"2025-07-04T12:08:37+00:00","dateModified":"2025-11-04T05:36:37+00:00","breadcrumb":{"@id":"https:\/\/clearimpactstrategy.com\/services\/campaign-voter-contact\/#breadcrumb"},"inLanguage":"es","potentialAction":[{"@type":"ReadAction","target":["https:\/\/clearimpactstrategy.com\/services\/campaign-voter-contact\/"]}]},{"@type":"ImageObject","inLanguage":"es","@id":"https:\/\/clearimpactstrategy.com\/services\/campaign-voter-contact\/#primaryimage","url":"https:\/\/clearimpactstrategy.com\/wp-content\/uploads\/2025\/07\/valery-tenevoy-BOrIUmdif4E-unsplash.jpg","contentUrl":"https:\/\/clearimpactstrategy.com\/wp-content\/uploads\/2025\/07\/valery-tenevoy-BOrIUmdif4E-unsplash.jpg","width":1920,"height":1280},{"@type":"BreadcrumbList","@id":"https:\/\/clearimpactstrategy.com\/services\/campaign-voter-contact\/#breadcrumb","itemListElement":[{"@type":"ListItem","position":1,"name":"Home","item":"http:\/\/clearimpactstrategy.com\/"},{"@type":"ListItem","position":2,"name":"Services","item":"https:\/\/clearimpactstrategy.com\/services\/"},{"@type":"ListItem","position":3,"name":"Campaign Voter Contact"}]},{"@type":"WebSite","@id":"http:\/\/clearimpactstrategy.com\/#website","url":"http:\/\/clearimpactstrategy.com\/","name":"Clear Impact Strategy","description":"","publisher":{"@id":"http:\/\/clearimpactstrategy.com\/#organization"},"potentialAction":[{"@type":"SearchAction","target":{"@type":"EntryPoint","urlTemplate":"http:\/\/clearimpactstrategy.com\/?s={search_term_string}"},"query-input":{"@type":"PropertyValueSpecification","valueRequired":true,"valueName":"search_term_string"}}],"inLanguage":"es"},{"@type":"Organization","@id":"http:\/\/clearimpactstrategy.com\/#organization","name":"Clear Impact Strategy","url":"http:\/\/clearimpactstrategy.com\/","logo":{"@type":"ImageObject","inLanguage":"es","@id":"http:\/\/clearimpactstrategy.com\/#\/schema\/logo\/image\/","url":"","contentUrl":"","caption":"Clear Impact Strategy"},"image":{"@id":"http:\/\/clearimpactstrategy.com\/#\/schema\/logo\/image\/"}}]}},"_links":{"self":[{"href":"https:\/\/clearimpactstrategy.com\/es\/wp-json\/wp\/v2\/pages\/765","targetHints":{"allow":["GET"]}}],"collection":[{"href":"https:\/\/clearimpactstrategy.com\/es\/wp-json\/wp\/v2\/pages"}],"about":[{"href":"https:\/\/clearimpactstrategy.com\/es\/wp-json\/wp\/v2\/types\/page"}],"author":[{"embeddable":true,"href":"https:\/\/clearimpactstrategy.com\/es\/wp-json\/wp\/v2\/users\/1"}],"replies":[{"embeddable":true,"href":"https:\/\/clearimpactstrategy.com\/es\/wp-json\/wp\/v2\/comments?post=765"}],"version-history":[{"count":5,"href":"https:\/\/clearimpactstrategy.com\/es\/wp-json\/wp\/v2\/pages\/765\/revisions"}],"predecessor-version":[{"id":1191,"href":"https:\/\/clearimpactstrategy.com\/es\/wp-json\/wp\/v2\/pages\/765\/revisions\/1191"}],"up":[{"embeddable":true,"href":"https:\/\/clearimpactstrategy.com\/es\/wp-json\/wp\/v2\/pages\/760"}],"wp:featuredmedia":[{"embeddable":true,"href":"https:\/\/clearimpactstrategy.com\/es\/wp-json\/wp\/v2\/media\/1014"}],"wp:attachment":[{"href":"https:\/\/clearimpactstrategy.com\/es\/wp-json\/wp\/v2\/media?parent=765"}],"curies":[{"name":"wp","href":"https:\/\/api.w.org\/{rel}","templated":true}]}}