{"id":763,"date":"2025-07-04T08:08:19","date_gmt":"2025-07-04T12:08:19","guid":{"rendered":"https:\/\/clearimpactstrategy.com\/?page_id=763"},"modified":"2025-11-04T01:14:51","modified_gmt":"2025-11-04T06:14:51","slug":"general-and-field-operations-consulting","status":"publish","type":"page","link":"https:\/\/clearimpactstrategy.com\/es\/services\/general-and-field-operations-consulting\/","title":{"rendered":"Asesor\u00eda General y Asesor\u00eda de Organizaci\u00f3n de Campo"},"content":{"rendered":"<div data-elementor-type=\"wp-page\" data-elementor-id=\"763\" class=\"elementor elementor-763\" data-elementor-settings=\"{&quot;scroll_snap&quot;:&quot;yes&quot;}\" data-elementor-post-type=\"page\">\n\t\t\t\t<div class=\"elementor-element elementor-element-4918e515 e-flex e-con-boxed e-con e-parent\" data-id=\"4918e515\" data-element_type=\"container\" data-e-type=\"container\">\n\t\t\t\t\t<div class=\"e-con-inner\">\n\t\t\t\t<div class=\"elementor-element elementor-element-e0fc7d elementor-widget elementor-widget-text-editor\" data-id=\"e0fc7d\" data-element_type=\"widget\" data-e-type=\"widget\" data-widget_type=\"text-editor.default\">\n\t\t\t\t<div class=\"elementor-widget-container\">\n\t\t\t\t\t\t\t\t\t<p>Clear Impact Strategy puede colaborar con su equipo para desarrollar y ejecutar la narrativa basada en la investigaci\u00f3n, el plan de campa\u00f1a y el presupuesto necesarios para ganar las elecciones. Utilizaremos nuestra experiencia para crear o mejorar un programa de operaciones de campo centrado en recopilar los datos necesarios, en los lugares donde m\u00e1s los necesita. Ya sean elecciones legislativas, de alcalde, provinciales o nacionales, podemos ayudarle a alcanzar la victoria.<\/p>\t\t\t\t\t\t\t\t<\/div>\n\t\t\t\t<\/div>\n\t\t\t\t\t<\/div>\n\t\t\t\t<\/div>\n\t\t\t\t<\/div>","protected":false},"excerpt":{"rendered":"<p>Clear Impact Strategy can work with your team to build and execute on the research-based narrative, campaign plan and budget that you need to win the election. We will use our experience to build or improve a field operations program focused on gathering the voter data you need, where you need it. Whether it\u2019s an [&hellip;]<\/p>\n","protected":false},"author":1,"featured_media":1117,"parent":760,"menu_order":0,"comment_status":"closed","ping_status":"closed","template":"","meta":{"footnotes":""},"class_list":["post-763","page","type-page","status-publish","has-post-thumbnail","hentry"],"yoast_head":"<!-- This site is optimized with the Yoast SEO plugin v27.4 - https:\/\/yoast.com\/product\/yoast-seo-wordpress\/ -->\n<title>General and Field Operations Consulting\u200b - Clear Impact Strategy<\/title>\n<meta name=\"robots\" content=\"index, follow, max-snippet:-1, max-image-preview:large, max-video-preview:-1\" \/>\n<link rel=\"canonical\" href=\"http:\/\/clearimpactstrategy.com\/es\/services\/general-and-field-operations-consulting\/\" \/>\n<meta property=\"og:locale\" content=\"es_ES\" \/>\n<meta property=\"og:type\" content=\"article\" \/>\n<meta property=\"og:title\" content=\"General and Field Operations Consulting\u200b - Clear Impact Strategy\" \/>\n<meta property=\"og:description\" content=\"Clear Impact Strategy can work with your team to build and execute on the research-based narrative, campaign plan and budget that you need to win the election. We will use our experience to build or improve a field operations program focused on gathering the voter data you need, where you need it. Whether it\u2019s an [&hellip;]\" \/>\n<meta property=\"og:url\" content=\"http:\/\/clearimpactstrategy.com\/es\/services\/general-and-field-operations-consulting\/\" \/>\n<meta property=\"og:site_name\" content=\"Clear Impact Strategy\" \/>\n<meta property=\"article:modified_time\" content=\"2025-11-04T06:14:51+00:00\" \/>\n<meta property=\"og:image\" content=\"http:\/\/clearimpactstrategy.com\/wp-content\/uploads\/2025\/11\/WhatsApp-Image-2025-11-03-at-03.10.59-e1762157611163.jpeg\" \/>\n\t<meta property=\"og:image:width\" content=\"600\" \/>\n\t<meta property=\"og:image:height\" content=\"800\" \/>\n\t<meta property=\"og:image:type\" content=\"image\/jpeg\" \/>\n<meta name=\"twitter:card\" content=\"summary_large_image\" \/>\n<meta name=\"twitter:label1\" content=\"Tiempo de lectura\" \/>\n\t<meta name=\"twitter:data1\" content=\"1 minuto\" \/>\n<script type=\"application\/ld+json\" class=\"yoast-schema-graph\">{\"@context\":\"https:\\\/\\\/schema.org\",\"@graph\":[{\"@type\":\"WebPage\",\"@id\":\"http:\\\/\\\/clearimpactstrategy.com\\\/services\\\/general-and-field-operations-consulting\\\/\",\"url\":\"http:\\\/\\\/clearimpactstrategy.com\\\/services\\\/general-and-field-operations-consulting\\\/\",\"name\":\"General and Field Operations Consulting\u200b - Clear Impact Strategy\",\"isPartOf\":{\"@id\":\"http:\\\/\\\/clearimpactstrategy.com\\\/#website\"},\"primaryImageOfPage\":{\"@id\":\"http:\\\/\\\/clearimpactstrategy.com\\\/services\\\/general-and-field-operations-consulting\\\/#primaryimage\"},\"image\":{\"@id\":\"http:\\\/\\\/clearimpactstrategy.com\\\/services\\\/general-and-field-operations-consulting\\\/#primaryimage\"},\"thumbnailUrl\":\"https:\\\/\\\/clearimpactstrategy.com\\\/wp-content\\\/uploads\\\/2025\\\/11\\\/WhatsApp-Image-2025-11-03-at-03.10.59-e1762157611163.jpeg\",\"datePublished\":\"2025-07-04T12:08:19+00:00\",\"dateModified\":\"2025-11-04T06:14:51+00:00\",\"breadcrumb\":{\"@id\":\"http:\\\/\\\/clearimpactstrategy.com\\\/services\\\/general-and-field-operations-consulting\\\/#breadcrumb\"},\"inLanguage\":\"es\",\"potentialAction\":[{\"@type\":\"ReadAction\",\"target\":[\"http:\\\/\\\/clearimpactstrategy.com\\\/services\\\/general-and-field-operations-consulting\\\/\"]}]},{\"@type\":\"ImageObject\",\"inLanguage\":\"es\",\"@id\":\"http:\\\/\\\/clearimpactstrategy.com\\\/services\\\/general-and-field-operations-consulting\\\/#primaryimage\",\"url\":\"https:\\\/\\\/clearimpactstrategy.com\\\/wp-content\\\/uploads\\\/2025\\\/11\\\/WhatsApp-Image-2025-11-03-at-03.10.59-e1762157611163.jpeg\",\"contentUrl\":\"https:\\\/\\\/clearimpactstrategy.com\\\/wp-content\\\/uploads\\\/2025\\\/11\\\/WhatsApp-Image-2025-11-03-at-03.10.59-e1762157611163.jpeg\",\"width\":600,\"height\":800},{\"@type\":\"BreadcrumbList\",\"@id\":\"http:\\\/\\\/clearimpactstrategy.com\\\/services\\\/general-and-field-operations-consulting\\\/#breadcrumb\",\"itemListElement\":[{\"@type\":\"ListItem\",\"position\":1,\"name\":\"Home\",\"item\":\"http:\\\/\\\/clearimpactstrategy.com\\\/\"},{\"@type\":\"ListItem\",\"position\":2,\"name\":\"Services\",\"item\":\"https:\\\/\\\/clearimpactstrategy.com\\\/services\\\/\"},{\"@type\":\"ListItem\",\"position\":3,\"name\":\"General and Field Operations Consulting\u200b\"}]},{\"@type\":\"WebSite\",\"@id\":\"http:\\\/\\\/clearimpactstrategy.com\\\/#website\",\"url\":\"http:\\\/\\\/clearimpactstrategy.com\\\/\",\"name\":\"Clear Impact Strategy\",\"description\":\"\",\"publisher\":{\"@id\":\"http:\\\/\\\/clearimpactstrategy.com\\\/#organization\"},\"potentialAction\":[{\"@type\":\"SearchAction\",\"target\":{\"@type\":\"EntryPoint\",\"urlTemplate\":\"http:\\\/\\\/clearimpactstrategy.com\\\/?s={search_term_string}\"},\"query-input\":{\"@type\":\"PropertyValueSpecification\",\"valueRequired\":true,\"valueName\":\"search_term_string\"}}],\"inLanguage\":\"es\"},{\"@type\":\"Organization\",\"@id\":\"http:\\\/\\\/clearimpactstrategy.com\\\/#organization\",\"name\":\"Clear Impact Strategy\",\"url\":\"http:\\\/\\\/clearimpactstrategy.com\\\/\",\"logo\":{\"@type\":\"ImageObject\",\"inLanguage\":\"es\",\"@id\":\"http:\\\/\\\/clearimpactstrategy.com\\\/#\\\/schema\\\/logo\\\/image\\\/\",\"url\":\"\",\"contentUrl\":\"\",\"caption\":\"Clear Impact Strategy\"},\"image\":{\"@id\":\"http:\\\/\\\/clearimpactstrategy.com\\\/#\\\/schema\\\/logo\\\/image\\\/\"}}]}<\/script>\n<!-- \/ Yoast SEO plugin. -->","yoast_head_json":{"title":"General and Field Operations Consulting\u200b - Clear Impact Strategy","robots":{"index":"index","follow":"follow","max-snippet":"max-snippet:-1","max-image-preview":"max-image-preview:large","max-video-preview":"max-video-preview:-1"},"canonical":"http:\/\/clearimpactstrategy.com\/es\/services\/general-and-field-operations-consulting\/","og_locale":"es_ES","og_type":"article","og_title":"General and Field Operations Consulting\u200b - Clear Impact Strategy","og_description":"Clear Impact Strategy can work with your team to build and execute on the research-based narrative, campaign plan and budget that you need to win the election. We will use our experience to build or improve a field operations program focused on gathering the voter data you need, where you need it. Whether it\u2019s an [&hellip;]","og_url":"http:\/\/clearimpactstrategy.com\/es\/services\/general-and-field-operations-consulting\/","og_site_name":"Clear Impact Strategy","article_modified_time":"2025-11-04T06:14:51+00:00","og_image":[{"width":600,"height":800,"url":"http:\/\/clearimpactstrategy.com\/wp-content\/uploads\/2025\/11\/WhatsApp-Image-2025-11-03-at-03.10.59-e1762157611163.jpeg","type":"image\/jpeg"}],"twitter_card":"summary_large_image","twitter_misc":{"Tiempo de lectura":"1 minuto"},"schema":{"@context":"https:\/\/schema.org","@graph":[{"@type":"WebPage","@id":"http:\/\/clearimpactstrategy.com\/services\/general-and-field-operations-consulting\/","url":"http:\/\/clearimpactstrategy.com\/services\/general-and-field-operations-consulting\/","name":"General and Field Operations Consulting\u200b - Clear Impact Strategy","isPartOf":{"@id":"http:\/\/clearimpactstrategy.com\/#website"},"primaryImageOfPage":{"@id":"http:\/\/clearimpactstrategy.com\/services\/general-and-field-operations-consulting\/#primaryimage"},"image":{"@id":"http:\/\/clearimpactstrategy.com\/services\/general-and-field-operations-consulting\/#primaryimage"},"thumbnailUrl":"https:\/\/clearimpactstrategy.com\/wp-content\/uploads\/2025\/11\/WhatsApp-Image-2025-11-03-at-03.10.59-e1762157611163.jpeg","datePublished":"2025-07-04T12:08:19+00:00","dateModified":"2025-11-04T06:14:51+00:00","breadcrumb":{"@id":"http:\/\/clearimpactstrategy.com\/services\/general-and-field-operations-consulting\/#breadcrumb"},"inLanguage":"es","potentialAction":[{"@type":"ReadAction","target":["http:\/\/clearimpactstrategy.com\/services\/general-and-field-operations-consulting\/"]}]},{"@type":"ImageObject","inLanguage":"es","@id":"http:\/\/clearimpactstrategy.com\/services\/general-and-field-operations-consulting\/#primaryimage","url":"https:\/\/clearimpactstrategy.com\/wp-content\/uploads\/2025\/11\/WhatsApp-Image-2025-11-03-at-03.10.59-e1762157611163.jpeg","contentUrl":"https:\/\/clearimpactstrategy.com\/wp-content\/uploads\/2025\/11\/WhatsApp-Image-2025-11-03-at-03.10.59-e1762157611163.jpeg","width":600,"height":800},{"@type":"BreadcrumbList","@id":"http:\/\/clearimpactstrategy.com\/services\/general-and-field-operations-consulting\/#breadcrumb","itemListElement":[{"@type":"ListItem","position":1,"name":"Home","item":"http:\/\/clearimpactstrategy.com\/"},{"@type":"ListItem","position":2,"name":"Services","item":"https:\/\/clearimpactstrategy.com\/services\/"},{"@type":"ListItem","position":3,"name":"General and Field Operations Consulting\u200b"}]},{"@type":"WebSite","@id":"http:\/\/clearimpactstrategy.com\/#website","url":"http:\/\/clearimpactstrategy.com\/","name":"Clear Impact Strategy","description":"","publisher":{"@id":"http:\/\/clearimpactstrategy.com\/#organization"},"potentialAction":[{"@type":"SearchAction","target":{"@type":"EntryPoint","urlTemplate":"http:\/\/clearimpactstrategy.com\/?s={search_term_string}"},"query-input":{"@type":"PropertyValueSpecification","valueRequired":true,"valueName":"search_term_string"}}],"inLanguage":"es"},{"@type":"Organization","@id":"http:\/\/clearimpactstrategy.com\/#organization","name":"Clear Impact Strategy","url":"http:\/\/clearimpactstrategy.com\/","logo":{"@type":"ImageObject","inLanguage":"es","@id":"http:\/\/clearimpactstrategy.com\/#\/schema\/logo\/image\/","url":"","contentUrl":"","caption":"Clear Impact Strategy"},"image":{"@id":"http:\/\/clearimpactstrategy.com\/#\/schema\/logo\/image\/"}}]}},"_links":{"self":[{"href":"https:\/\/clearimpactstrategy.com\/es\/wp-json\/wp\/v2\/pages\/763","targetHints":{"allow":["GET"]}}],"collection":[{"href":"https:\/\/clearimpactstrategy.com\/es\/wp-json\/wp\/v2\/pages"}],"about":[{"href":"https:\/\/clearimpactstrategy.com\/es\/wp-json\/wp\/v2\/types\/page"}],"author":[{"embeddable":true,"href":"https:\/\/clearimpactstrategy.com\/es\/wp-json\/wp\/v2\/users\/1"}],"replies":[{"embeddable":true,"href":"https:\/\/clearimpactstrategy.com\/es\/wp-json\/wp\/v2\/comments?post=763"}],"version-history":[{"count":29,"href":"https:\/\/clearimpactstrategy.com\/es\/wp-json\/wp\/v2\/pages\/763\/revisions"}],"predecessor-version":[{"id":1203,"href":"https:\/\/clearimpactstrategy.com\/es\/wp-json\/wp\/v2\/pages\/763\/revisions\/1203"}],"up":[{"embeddable":true,"href":"https:\/\/clearimpactstrategy.com\/es\/wp-json\/wp\/v2\/pages\/760"}],"wp:featuredmedia":[{"embeddable":true,"href":"https:\/\/clearimpactstrategy.com\/es\/wp-json\/wp\/v2\/media\/1117"}],"wp:attachment":[{"href":"https:\/\/clearimpactstrategy.com\/es\/wp-json\/wp\/v2\/media?parent=763"}],"curies":[{"name":"wp","href":"https:\/\/api.w.org\/{rel}","templated":true}]}}