{"id":745,"date":"2025-07-04T07:48:34","date_gmt":"2025-07-04T11:48:34","guid":{"rendered":"https:\/\/clearimpactstrategy.com\/?page_id=745"},"modified":"2025-11-07T01:51:26","modified_gmt":"2025-11-07T06:51:26","slug":"team","status":"publish","type":"page","link":"https:\/\/clearimpactstrategy.com\/es\/team\/","title":{"rendered":"Conoce a nuestro equipo"},"content":{"rendered":"<div data-elementor-type=\"wp-page\" data-elementor-id=\"745\" class=\"elementor elementor-745\" data-elementor-post-type=\"page\">\n\t\t\t\t<div class=\"elementor-element elementor-element-5418139 e-flex e-con-boxed e-con e-parent\" data-id=\"5418139\" data-element_type=\"container\" data-e-type=\"container\" data-settings=\"{&quot;background_background&quot;:&quot;classic&quot;}\">\n\t\t\t\t\t<div class=\"e-con-inner\">\n\t\t<div class=\"elementor-element elementor-element-503f445 e-con-full e-flex e-con e-child\" data-id=\"503f445\" data-element_type=\"container\" data-e-type=\"container\">\n\t\t\t\t<div class=\"elementor-element elementor-element-7c8eec5 elementor-widget elementor-widget-heading\" data-id=\"7c8eec5\" data-element_type=\"widget\" data-e-type=\"widget\" data-widget_type=\"heading.default\">\n\t\t\t\t<div class=\"elementor-widget-container\">\n\t\t\t\t\t<h2 class=\"elementor-heading-title elementor-size-default\">Jim Ross<\/h2>\t\t\t\t<\/div>\n\t\t\t\t<\/div>\n\t\t\t\t<div class=\"elementor-element elementor-element-509faa0 elementor-widget elementor-widget-heading\" data-id=\"509faa0\" data-element_type=\"widget\" data-e-type=\"widget\" data-widget_type=\"heading.default\">\n\t\t\t\t<div class=\"elementor-widget-container\">\n\t\t\t\t\t<h2 class=\"elementor-heading-title elementor-size-default\">Presidente<\/h2>\t\t\t\t<\/div>\n\t\t\t\t<\/div>\n\t\t\t\t<div class=\"elementor-element elementor-element-91b7232 elementor-widget elementor-widget-text-editor\" data-id=\"91b7232\" data-element_type=\"widget\" data-e-type=\"widget\" data-widget_type=\"text-editor.default\">\n\t\t\t\t<div class=\"elementor-widget-container\">\n\t\t\t\t\t\t\t\t\t<p>Jim Ross es un consultor pol\u00edtico canadiense que ha trabajado en campa\u00f1as durante m\u00e1s de 20 a\u00f1os.<\/p><p>Jim ha ocupado altos cargos en campa\u00f1as a nivel nacional y provincial, tanto en elecciones generales como en campa\u00f1as de liderazgo. Su experiencia incluye la coordinaci\u00f3n de contactos con votantes para el Partido Conservador de Manitoba en 2016 y 2019, y para el Partido Conservador de Nueva Escocia en 2024, adem\u00e1s de ser director de operaciones de campo para la exitosa campa\u00f1a de liderazgo de Erin O'Toole en 2020 del Partido Conservador de Canad\u00e1.<\/p><p>Jim tambi\u00e9n ha facilitado la victoria en campa\u00f1as electorales a nivel municipal en importantes ciudades canadienses, incluso como consultor de contacto directo en las exitosas campa\u00f1as para las alcald\u00edas de Vancouver y Winnipeg en 2022, y en una campa\u00f1a de refer\u00e9ndum a nivel municipal que sent\u00f3 precedentes en Regina en 2013.<\/p><p>Entre 2020 y 2022, Jim se desempe\u00f1\u00f3 como director de capacitaci\u00f3n del Partido Conservador de Canad\u00e1.<\/p>\t\t\t\t\t\t\t\t<\/div>\n\t\t\t\t<\/div>\n\t\t\t\t<\/div>\n\t\t<div class=\"elementor-element elementor-element-df58d7b e-con-full e-flex e-con e-child\" data-id=\"df58d7b\" data-element_type=\"container\" data-e-type=\"container\">\n\t\t\t\t<div class=\"elementor-element elementor-element-08c4d01 elementor-widget elementor-widget-image\" data-id=\"08c4d01\" data-element_type=\"widget\" data-e-type=\"widget\" data-widget_type=\"image.default\">\n\t\t\t\t<div class=\"elementor-widget-container\">\n\t\t\t\t\t\t\t\t\t\t\t\t\t\t\t<img fetchpriority=\"high\" decoding=\"async\" width=\"800\" height=\"800\" src=\"https:\/\/clearimpactstrategy.com\/wp-content\/uploads\/2025\/07\/jim-ross.jpg\" class=\"attachment-large size-large wp-image-746\" alt=\"\" srcset=\"https:\/\/clearimpactstrategy.com\/wp-content\/uploads\/2025\/07\/jim-ross.jpg 800w, https:\/\/clearimpactstrategy.com\/wp-content\/uploads\/2025\/07\/jim-ross-300x300.jpg 300w, https:\/\/clearimpactstrategy.com\/wp-content\/uploads\/2025\/07\/jim-ross-150x150.jpg 150w, https:\/\/clearimpactstrategy.com\/wp-content\/uploads\/2025\/07\/jim-ross-768x768.jpg 768w, https:\/\/clearimpactstrategy.com\/wp-content\/uploads\/2025\/07\/jim-ross-12x12.jpg 12w\" sizes=\"(max-width: 800px) 100vw, 800px\" \/>\t\t\t\t\t\t\t\t\t\t\t\t\t\t\t<\/div>\n\t\t\t\t<\/div>\n\t\t\t\t<\/div>\n\t\t\t\t\t<\/div>\n\t\t\t\t<\/div>\n\t\t<div class=\"elementor-element elementor-element-23250d0 e-flex e-con-boxed e-con e-parent\" data-id=\"23250d0\" data-element_type=\"container\" data-e-type=\"container\">\n\t\t\t\t\t<div class=\"e-con-inner\">\n\t\t<div class=\"elementor-element elementor-element-d79f31b e-con-full e-flex e-con e-child\" data-id=\"d79f31b\" data-element_type=\"container\" data-e-type=\"container\">\n\t\t\t\t<div class=\"elementor-element elementor-element-33140b8 elementor-widget elementor-widget-heading\" data-id=\"33140b8\" data-element_type=\"widget\" data-e-type=\"widget\" data-widget_type=\"heading.default\">\n\t\t\t\t<div class=\"elementor-widget-container\">\n\t\t\t\t\t<h2 class=\"elementor-heading-title elementor-size-default\">Abbas Latif <\/h2>\t\t\t\t<\/div>\n\t\t\t\t<\/div>\n\t\t\t\t<div class=\"elementor-element elementor-element-a1dd448 elementor-widget elementor-widget-heading\" data-id=\"a1dd448\" data-element_type=\"widget\" data-e-type=\"widget\" data-widget_type=\"heading.default\">\n\t\t\t\t<div class=\"elementor-widget-container\">\n\t\t\t\t\t<h2 class=\"elementor-heading-title elementor-size-default\">Senior Consultant<\/h2>\t\t\t\t<\/div>\n\t\t\t\t<\/div>\n\t\t\t\t<div class=\"elementor-element elementor-element-0dcffd3 elementor-widget elementor-widget-text-editor\" data-id=\"0dcffd3\" data-element_type=\"widget\" data-e-type=\"widget\" data-widget_type=\"text-editor.default\">\n\t\t\t\t<div class=\"elementor-widget-container\">\n\t\t\t\t\t\t\t\t\t<p>Abbas Latif tiene m\u00e1s de 10 a\u00f1os de experiencia pol\u00edtica y en campa\u00f1as en todo Canad\u00e1, as\u00ed como a nivel internacional. Ha trabajado en campa\u00f1as municipales, provinciales y federales, desempe\u00f1ando funciones que incluyen la gesti\u00f3n de equipos de campo, la coordinaci\u00f3n del alcance a los votantes y la direcci\u00f3n de operaciones para movilizar el voto. Tambi\u00e9n cuenta con experiencia pr\u00e1ctica en encuestas, gesti\u00f3n de bases de datos de votantes y aplicaci\u00f3n de t\u00e9cnicas de identificaci\u00f3n de electores.<\/p><p>Adem\u00e1s de su trabajo de campa\u00f1a, Abbas ha trabajado en el Parlamento de Canad\u00e1 y en la Legislatura Provincial de Ontario. Estos cargos le han proporcionado una s\u00f3lida comprensi\u00f3n del funcionamiento del gobierno tras bambalinas y de c\u00f3mo se toman las decisiones pol\u00edticas.<\/p><p>Abbas es licenciado en Ciencias Pol\u00edticas por la Universidad de York y posee un certificado de posgrado en Relaciones Gubernamentales por el Polit\u00e9cnico Seneca, donde fue incluido en la Lista de Honor del Presidente. Aporta un enfoque estrat\u00e9gico y preciso a cada proyecto y se compromete a ayudar a sus clientes a afrontar los desaf\u00edos pol\u00edticos con soluciones pr\u00e1cticas y probadas en campa\u00f1as.<\/p>\t\t\t\t\t\t\t\t<\/div>\n\t\t\t\t<\/div>\n\t\t\t\t<\/div>\n\t\t<div class=\"elementor-element elementor-element-755e23a e-con-full e-flex e-con e-child\" data-id=\"755e23a\" data-element_type=\"container\" data-e-type=\"container\">\n\t\t\t\t<\/div>\n\t\t\t\t<div class=\"elementor-element elementor-element-ff065f3 elementor-widget elementor-widget-image\" data-id=\"ff065f3\" data-element_type=\"widget\" data-e-type=\"widget\" data-widget_type=\"image.default\">\n\t\t\t\t<div class=\"elementor-widget-container\">\n\t\t\t\t\t\t\t\t\t\t\t\t\t\t\t<img decoding=\"async\" width=\"600\" height=\"600\" src=\"https:\/\/clearimpactstrategy.com\/wp-content\/uploads\/2025\/11\/thumbnail_p1-2x2-.jpg\" class=\"attachment-large size-large wp-image-1114\" alt=\"\" srcset=\"https:\/\/clearimpactstrategy.com\/wp-content\/uploads\/2025\/11\/thumbnail_p1-2x2-.jpg 600w, https:\/\/clearimpactstrategy.com\/wp-content\/uploads\/2025\/11\/thumbnail_p1-2x2--300x300.jpg 300w, https:\/\/clearimpactstrategy.com\/wp-content\/uploads\/2025\/11\/thumbnail_p1-2x2--150x150.jpg 150w, https:\/\/clearimpactstrategy.com\/wp-content\/uploads\/2025\/11\/thumbnail_p1-2x2--12x12.jpg 12w\" sizes=\"(max-width: 600px) 100vw, 600px\" \/>\t\t\t\t\t\t\t\t\t\t\t\t\t\t\t<\/div>\n\t\t\t\t<\/div>\n\t\t\t\t\t<\/div>\n\t\t\t\t<\/div>\n\t\t<div class=\"elementor-element elementor-element-b545119 e-con-full e-flex e-con e-parent\" data-id=\"b545119\" data-element_type=\"container\" data-e-type=\"container\">\n\t\t<div class=\"elementor-element elementor-element-b59805d e-con-full e-flex e-con e-child\" data-id=\"b59805d\" data-element_type=\"container\" data-e-type=\"container\">\n\t\t\t\t<div class=\"elementor-element elementor-element-46c98e4 elementor-widget elementor-widget-heading\" data-id=\"46c98e4\" data-element_type=\"widget\" data-e-type=\"widget\" data-widget_type=\"heading.default\">\n\t\t\t\t<div class=\"elementor-widget-container\">\n\t\t\t\t\t<h2 class=\"elementor-heading-title elementor-size-default\">KAITLIN GIBSON<\/h2>\t\t\t\t<\/div>\n\t\t\t\t<\/div>\n\t\t\t\t<div class=\"elementor-element elementor-element-3fdad79 elementor-widget__width-initial elementor-widget elementor-widget-heading\" data-id=\"3fdad79\" data-element_type=\"widget\" data-e-type=\"widget\" data-widget_type=\"heading.default\">\n\t\t\t\t<div class=\"elementor-widget-container\">\n\t\t\t\t\t<h2 class=\"elementor-heading-title elementor-size-default\">Client Relations and Operations Manager\n<\/h2>\t\t\t\t<\/div>\n\t\t\t\t<\/div>\n\t\t\t\t<div class=\"elementor-element elementor-element-28eac8a elementor-widget elementor-widget-text-editor\" data-id=\"28eac8a\" data-element_type=\"widget\" data-e-type=\"widget\" data-widget_type=\"text-editor.default\">\n\t\t\t\t<div class=\"elementor-widget-container\">\n\t\t\t\t\t\t\t\t\t<div dir=\"auto\">Kaitlin cuenta con m\u00e1s de una d\u00e9cada de experiencia profesional en relaciones p\u00fablicas y comunicaci\u00f3n, especializada en el desarrollo de relaciones y en ofrecer un servicio centrado en el cliente. Su trayectoria abarca \u00e1reas como la recaudaci\u00f3n de fondos, el periodismo y la pol\u00edtica canadiense, donde ha construido una amplia red de contactos. Se destaca por su capacidad para evaluar estrat\u00e9gicamente las situaciones y desarrollar soluciones creativas, siempre priorizando la satisfacci\u00f3n de sus clientes.\u00a0<\/div><div dir=\"auto\">\u00a0<\/div><div dir=\"auto\">Es licenciada y m\u00e1ster en Ciencias Pol\u00edticas por la Universidad de Brock, y posee adem\u00e1s un certificado en Relaciones P\u00fablicas otorgado por la Universidad Simon Fraser. just this<\/div>\t\t\t\t\t\t\t\t<\/div>\n\t\t\t\t<\/div>\n\t\t\t\t<\/div>\n\t\t<div class=\"elementor-element elementor-element-b78e5aa e-con-full e-flex e-con e-child\" data-id=\"b78e5aa\" data-element_type=\"container\" data-e-type=\"container\">\n\t\t\t\t<\/div>\n\t\t\t\t<div class=\"elementor-element elementor-element-730461d elementor-widget elementor-widget-image\" data-id=\"730461d\" data-element_type=\"widget\" data-e-type=\"widget\" data-widget_type=\"image.default\">\n\t\t\t\t<div class=\"elementor-widget-container\">\n\t\t\t\t\t\t\t\t\t\t\t\t\t\t\t<img decoding=\"async\" width=\"542\" height=\"819\" src=\"https:\/\/clearimpactstrategy.com\/wp-content\/uploads\/2025\/11\/Headshot.jpg\" class=\"attachment-large size-large wp-image-1115\" alt=\"\" srcset=\"https:\/\/clearimpactstrategy.com\/wp-content\/uploads\/2025\/11\/Headshot.jpg 542w, https:\/\/clearimpactstrategy.com\/wp-content\/uploads\/2025\/11\/Headshot-199x300.jpg 199w, https:\/\/clearimpactstrategy.com\/wp-content\/uploads\/2025\/11\/Headshot-8x12.jpg 8w\" sizes=\"(max-width: 542px) 100vw, 542px\" \/>\t\t\t\t\t\t\t\t\t\t\t\t\t\t\t<\/div>\n\t\t\t\t<\/div>\n\t\t\t\t<\/div>\n\t\t<div class=\"elementor-element elementor-element-17474d9 e-flex e-con-boxed e-con e-parent\" data-id=\"17474d9\" data-element_type=\"container\" data-e-type=\"container\">\n\t\t\t\t\t<div class=\"e-con-inner\">\n\t\t<div class=\"elementor-element elementor-element-bc1f1fa e-con-full e-flex e-con e-child\" data-id=\"bc1f1fa\" data-element_type=\"container\" data-e-type=\"container\">\n\t\t<div class=\"elementor-element elementor-element-d442761 e-con-full e-flex e-con e-child\" data-id=\"d442761\" data-element_type=\"container\" data-e-type=\"container\">\n\t\t\t\t<div class=\"elementor-element elementor-element-7ed3c82 elementor-widget elementor-widget-heading\" data-id=\"7ed3c82\" data-element_type=\"widget\" data-e-type=\"widget\" data-widget_type=\"heading.default\">\n\t\t\t\t<div class=\"elementor-widget-container\">\n\t\t\t\t\t<h2 class=\"elementor-heading-title elementor-size-default\">Ana Sofia Tapias Tangarife\n<\/h2>\t\t\t\t<\/div>\n\t\t\t\t<\/div>\n\t\t\t\t<div class=\"elementor-element elementor-element-56e6f5f elementor-widget__width-initial elementor-widget elementor-widget-heading\" data-id=\"56e6f5f\" data-element_type=\"widget\" data-e-type=\"widget\" data-widget_type=\"heading.default\">\n\t\t\t\t<div class=\"elementor-widget-container\">\n\t\t\t\t\t<h2 class=\"elementor-heading-title elementor-size-default\">Investigadora\n<\/h2>\t\t\t\t<\/div>\n\t\t\t\t<\/div>\n\t\t\t\t<div class=\"elementor-element elementor-element-4b784ac elementor-widget elementor-widget-text-editor\" data-id=\"4b784ac\" data-element_type=\"widget\" data-e-type=\"widget\" data-widget_type=\"text-editor.default\">\n\t\t\t\t<div class=\"elementor-widget-container\">\n\t\t\t\t\t\t\t\t\t<div dir=\"auto\"><p data-start=\"0\" data-end=\"468\">Ana Sof\u00eda es una investigadora pol\u00edtica colombiana con experiencia en an\u00e1lisis electoral y asesor\u00eda de campa\u00f1as. Ha trabajado con equipos pol\u00edticos en diversas etapas del ciclo electoral, aportando en estrategias de comunicaci\u00f3n, an\u00e1lisis de actores clave y seguimiento de din\u00e1micas territoriales. Se ha destacado por su capacidad de identificar oportunidades pol\u00edticas a nivel local y regional y por su compromiso con el fortalecimiento de liderazgos en contextos democr\u00e1ticos.<\/p><p data-start=\"470\" data-end=\"864\" data-is-last-node=\"\" data-is-only-node=\"\">Actualmente, cursa el quinto semestre de Ciencia Pol\u00edtica en la Universidad de Antioquia, en Medell\u00edn, donde ha enfocado su formaci\u00f3n en sistemas pol\u00edticos de Am\u00e9rica Latina, partidos pol\u00edticos y estudios electorales. Su perspectiva combina una s\u00f3lida base acad\u00e9mica con experiencia pr\u00e1ctica, lo que le permite desempe\u00f1arse eficazmente como investigadora en contextos tanto nacionales como internacionales.<\/p><\/div>\t\t\t\t\t\t\t\t<\/div>\n\t\t\t\t<\/div>\n\t\t\t\t<\/div>\n\t\t<div class=\"elementor-element elementor-element-ffd4bdc e-con-full e-flex e-con e-child\" data-id=\"ffd4bdc\" data-element_type=\"container\" data-e-type=\"container\">\n\t\t\t\t<\/div>\n\t\t\t\t<div class=\"elementor-element elementor-element-27d13e4 elementor-widget__width-initial elementor-widget elementor-widget-image\" data-id=\"27d13e4\" data-element_type=\"widget\" data-e-type=\"widget\" data-widget_type=\"image.default\">\n\t\t\t\t<div class=\"elementor-widget-container\">\n\t\t\t\t\t\t\t\t\t\t\t\t\t\t\t<img loading=\"lazy\" decoding=\"async\" width=\"737\" height=\"922\" src=\"https:\/\/clearimpactstrategy.com\/wp-content\/uploads\/2025\/11\/WhatsApp-Image-2025-11-04-at-11.07.36.jpeg\" class=\"attachment-large size-large wp-image-1214\" alt=\"\" srcset=\"https:\/\/clearimpactstrategy.com\/wp-content\/uploads\/2025\/11\/WhatsApp-Image-2025-11-04-at-11.07.36.jpeg 737w, https:\/\/clearimpactstrategy.com\/wp-content\/uploads\/2025\/11\/WhatsApp-Image-2025-11-04-at-11.07.36-240x300.jpeg 240w, https:\/\/clearimpactstrategy.com\/wp-content\/uploads\/2025\/11\/WhatsApp-Image-2025-11-04-at-11.07.36-10x12.jpeg 10w\" sizes=\"(max-width: 737px) 100vw, 737px\" \/>\t\t\t\t\t\t\t\t\t\t\t\t\t\t\t<\/div>\n\t\t\t\t<\/div>\n\t\t\t\t<\/div>\n\t\t\t\t\t<\/div>\n\t\t\t\t<\/div>\n\t\t\t\t<\/div>","protected":false},"excerpt":{"rendered":"<p>Jim Ross President Jim Ross is a Canadian political consultant who has been working on campaigns for over 20 years. Jim has held senior roles in campaigns at the national and provincial level, in both general elections and leadership campaigns. His experience includes coordinating voter contact for the Manitoba PCs in 2016 and 2019, and [&hellip;]<\/p>\n","protected":false},"author":1,"featured_media":0,"parent":0,"menu_order":0,"comment_status":"closed","ping_status":"closed","template":"","meta":{"footnotes":""},"class_list":["post-745","page","type-page","status-publish","hentry"],"yoast_head":"<!-- This site is optimized with the Yoast SEO plugin v27.4 - https:\/\/yoast.com\/product\/yoast-seo-wordpress\/ -->\n<title>Meet Our Team - Clear Impact Strategy<\/title>\n<meta name=\"robots\" content=\"index, follow, max-snippet:-1, max-image-preview:large, max-video-preview:-1\" \/>\n<link rel=\"canonical\" href=\"https:\/\/clearimpactstrategy.com\/es\/team\/\" \/>\n<meta property=\"og:locale\" content=\"es_ES\" \/>\n<meta property=\"og:type\" content=\"article\" \/>\n<meta property=\"og:title\" content=\"Meet Our Team - Clear Impact Strategy\" \/>\n<meta property=\"og:description\" content=\"Jim Ross President Jim Ross is a Canadian political consultant who has been working on campaigns for over 20 years. Jim has held senior roles in campaigns at the national and provincial level, in both general elections and leadership campaigns. His experience includes coordinating voter contact for the Manitoba PCs in 2016 and 2019, and [&hellip;]\" \/>\n<meta property=\"og:url\" content=\"https:\/\/clearimpactstrategy.com\/es\/team\/\" \/>\n<meta property=\"og:site_name\" content=\"Clear Impact Strategy\" \/>\n<meta property=\"article:modified_time\" content=\"2025-11-07T06:51:26+00:00\" \/>\n<meta property=\"og:image\" content=\"http:\/\/clearimpactstrategy.com\/wp-content\/uploads\/2025\/07\/jim-ross.jpg\" \/>\n<meta name=\"twitter:card\" content=\"summary_large_image\" \/>\n<meta name=\"twitter:label1\" content=\"Tiempo de lectura\" \/>\n\t<meta name=\"twitter:data1\" content=\"4 minutos\" \/>\n<script type=\"application\/ld+json\" class=\"yoast-schema-graph\">{\"@context\":\"https:\\\/\\\/schema.org\",\"@graph\":[{\"@type\":\"WebPage\",\"@id\":\"https:\\\/\\\/clearimpactstrategy.com\\\/team\\\/\",\"url\":\"https:\\\/\\\/clearimpactstrategy.com\\\/team\\\/\",\"name\":\"Meet Our Team - Clear Impact Strategy\",\"isPartOf\":{\"@id\":\"http:\\\/\\\/clearimpactstrategy.com\\\/#website\"},\"primaryImageOfPage\":{\"@id\":\"https:\\\/\\\/clearimpactstrategy.com\\\/team\\\/#primaryimage\"},\"image\":{\"@id\":\"https:\\\/\\\/clearimpactstrategy.com\\\/team\\\/#primaryimage\"},\"thumbnailUrl\":\"http:\\\/\\\/clearimpactstrategy.com\\\/wp-content\\\/uploads\\\/2025\\\/07\\\/jim-ross.jpg\",\"datePublished\":\"2025-07-04T11:48:34+00:00\",\"dateModified\":\"2025-11-07T06:51:26+00:00\",\"breadcrumb\":{\"@id\":\"https:\\\/\\\/clearimpactstrategy.com\\\/team\\\/#breadcrumb\"},\"inLanguage\":\"es\",\"potentialAction\":[{\"@type\":\"ReadAction\",\"target\":[\"https:\\\/\\\/clearimpactstrategy.com\\\/team\\\/\"]}]},{\"@type\":\"ImageObject\",\"inLanguage\":\"es\",\"@id\":\"https:\\\/\\\/clearimpactstrategy.com\\\/team\\\/#primaryimage\",\"url\":\"http:\\\/\\\/clearimpactstrategy.com\\\/wp-content\\\/uploads\\\/2025\\\/07\\\/jim-ross.jpg\",\"contentUrl\":\"http:\\\/\\\/clearimpactstrategy.com\\\/wp-content\\\/uploads\\\/2025\\\/07\\\/jim-ross.jpg\"},{\"@type\":\"BreadcrumbList\",\"@id\":\"https:\\\/\\\/clearimpactstrategy.com\\\/team\\\/#breadcrumb\",\"itemListElement\":[{\"@type\":\"ListItem\",\"position\":1,\"name\":\"Home\",\"item\":\"http:\\\/\\\/clearimpactstrategy.com\\\/\"},{\"@type\":\"ListItem\",\"position\":2,\"name\":\"Meet Our Team\"}]},{\"@type\":\"WebSite\",\"@id\":\"http:\\\/\\\/clearimpactstrategy.com\\\/#website\",\"url\":\"http:\\\/\\\/clearimpactstrategy.com\\\/\",\"name\":\"Clear Impact Strategy\",\"description\":\"\",\"publisher\":{\"@id\":\"http:\\\/\\\/clearimpactstrategy.com\\\/#organization\"},\"potentialAction\":[{\"@type\":\"SearchAction\",\"target\":{\"@type\":\"EntryPoint\",\"urlTemplate\":\"http:\\\/\\\/clearimpactstrategy.com\\\/?s={search_term_string}\"},\"query-input\":{\"@type\":\"PropertyValueSpecification\",\"valueRequired\":true,\"valueName\":\"search_term_string\"}}],\"inLanguage\":\"es\"},{\"@type\":\"Organization\",\"@id\":\"http:\\\/\\\/clearimpactstrategy.com\\\/#organization\",\"name\":\"Clear Impact Strategy\",\"url\":\"http:\\\/\\\/clearimpactstrategy.com\\\/\",\"logo\":{\"@type\":\"ImageObject\",\"inLanguage\":\"es\",\"@id\":\"http:\\\/\\\/clearimpactstrategy.com\\\/#\\\/schema\\\/logo\\\/image\\\/\",\"url\":\"\",\"contentUrl\":\"\",\"caption\":\"Clear Impact Strategy\"},\"image\":{\"@id\":\"http:\\\/\\\/clearimpactstrategy.com\\\/#\\\/schema\\\/logo\\\/image\\\/\"}}]}<\/script>\n<!-- \/ Yoast SEO plugin. -->","yoast_head_json":{"title":"Meet Our Team - Clear Impact Strategy","robots":{"index":"index","follow":"follow","max-snippet":"max-snippet:-1","max-image-preview":"max-image-preview:large","max-video-preview":"max-video-preview:-1"},"canonical":"https:\/\/clearimpactstrategy.com\/es\/team\/","og_locale":"es_ES","og_type":"article","og_title":"Meet Our Team - Clear Impact Strategy","og_description":"Jim Ross President Jim Ross is a Canadian political consultant who has been working on campaigns for over 20 years. Jim has held senior roles in campaigns at the national and provincial level, in both general elections and leadership campaigns. His experience includes coordinating voter contact for the Manitoba PCs in 2016 and 2019, and [&hellip;]","og_url":"https:\/\/clearimpactstrategy.com\/es\/team\/","og_site_name":"Clear Impact Strategy","article_modified_time":"2025-11-07T06:51:26+00:00","og_image":[{"url":"http:\/\/clearimpactstrategy.com\/wp-content\/uploads\/2025\/07\/jim-ross.jpg","type":"","width":"","height":""}],"twitter_card":"summary_large_image","twitter_misc":{"Tiempo de lectura":"4 minutos"},"schema":{"@context":"https:\/\/schema.org","@graph":[{"@type":"WebPage","@id":"https:\/\/clearimpactstrategy.com\/team\/","url":"https:\/\/clearimpactstrategy.com\/team\/","name":"Meet Our Team - Clear Impact Strategy","isPartOf":{"@id":"http:\/\/clearimpactstrategy.com\/#website"},"primaryImageOfPage":{"@id":"https:\/\/clearimpactstrategy.com\/team\/#primaryimage"},"image":{"@id":"https:\/\/clearimpactstrategy.com\/team\/#primaryimage"},"thumbnailUrl":"http:\/\/clearimpactstrategy.com\/wp-content\/uploads\/2025\/07\/jim-ross.jpg","datePublished":"2025-07-04T11:48:34+00:00","dateModified":"2025-11-07T06:51:26+00:00","breadcrumb":{"@id":"https:\/\/clearimpactstrategy.com\/team\/#breadcrumb"},"inLanguage":"es","potentialAction":[{"@type":"ReadAction","target":["https:\/\/clearimpactstrategy.com\/team\/"]}]},{"@type":"ImageObject","inLanguage":"es","@id":"https:\/\/clearimpactstrategy.com\/team\/#primaryimage","url":"http:\/\/clearimpactstrategy.com\/wp-content\/uploads\/2025\/07\/jim-ross.jpg","contentUrl":"http:\/\/clearimpactstrategy.com\/wp-content\/uploads\/2025\/07\/jim-ross.jpg"},{"@type":"BreadcrumbList","@id":"https:\/\/clearimpactstrategy.com\/team\/#breadcrumb","itemListElement":[{"@type":"ListItem","position":1,"name":"Home","item":"http:\/\/clearimpactstrategy.com\/"},{"@type":"ListItem","position":2,"name":"Meet Our Team"}]},{"@type":"WebSite","@id":"http:\/\/clearimpactstrategy.com\/#website","url":"http:\/\/clearimpactstrategy.com\/","name":"Clear Impact Strategy","description":"","publisher":{"@id":"http:\/\/clearimpactstrategy.com\/#organization"},"potentialAction":[{"@type":"SearchAction","target":{"@type":"EntryPoint","urlTemplate":"http:\/\/clearimpactstrategy.com\/?s={search_term_string}"},"query-input":{"@type":"PropertyValueSpecification","valueRequired":true,"valueName":"search_term_string"}}],"inLanguage":"es"},{"@type":"Organization","@id":"http:\/\/clearimpactstrategy.com\/#organization","name":"Clear Impact Strategy","url":"http:\/\/clearimpactstrategy.com\/","logo":{"@type":"ImageObject","inLanguage":"es","@id":"http:\/\/clearimpactstrategy.com\/#\/schema\/logo\/image\/","url":"","contentUrl":"","caption":"Clear Impact Strategy"},"image":{"@id":"http:\/\/clearimpactstrategy.com\/#\/schema\/logo\/image\/"}}]}},"_links":{"self":[{"href":"https:\/\/clearimpactstrategy.com\/es\/wp-json\/wp\/v2\/pages\/745","targetHints":{"allow":["GET"]}}],"collection":[{"href":"https:\/\/clearimpactstrategy.com\/es\/wp-json\/wp\/v2\/pages"}],"about":[{"href":"https:\/\/clearimpactstrategy.com\/es\/wp-json\/wp\/v2\/types\/page"}],"author":[{"embeddable":true,"href":"https:\/\/clearimpactstrategy.com\/es\/wp-json\/wp\/v2\/users\/1"}],"replies":[{"embeddable":true,"href":"https:\/\/clearimpactstrategy.com\/es\/wp-json\/wp\/v2\/comments?post=745"}],"version-history":[{"count":37,"href":"https:\/\/clearimpactstrategy.com\/es\/wp-json\/wp\/v2\/pages\/745\/revisions"}],"predecessor-version":[{"id":1222,"href":"https:\/\/clearimpactstrategy.com\/es\/wp-json\/wp\/v2\/pages\/745\/revisions\/1222"}],"wp:attachment":[{"href":"https:\/\/clearimpactstrategy.com\/es\/wp-json\/wp\/v2\/media?parent=745"}],"curies":[{"name":"wp","href":"https:\/\/api.w.org\/{rel}","templated":true}]}}